{"id":969,"date":"2016-10-07T10:20:47","date_gmt":"2016-10-07T08:20:47","guid":{"rendered":"http:\/\/labourbonnaise.fr\/?page_id=969"},"modified":"2023-11-10T11:37:59","modified_gmt":"2023-11-10T10:37:59","slug":"appreciations","status":"publish","type":"page","link":"https:\/\/labourbonnaise.fr\/index.php\/localisation-location-vacances-ile-de-la-reunion-html\/location\/appreciations\/","title":{"rendered":"Appr\u00e9ciations"},"content":{"rendered":"<div class=\"wpb-content-wrapper\">[vc_row][vc_column][vc_column_text]\n<h1>Villa \u00ab\u00a0la bourbonnaise\u00a0\u00bb<\/h1>\n<h2>chemin armanet, 97426, les trois bassins, R\u00e9union<\/h2>\n<h3>Location saisonni\u00e8re<\/h3>\n<h2>Appr\u00e9ciations:<\/h2>\n<h2>Location, ses appr\u00e9ciations:<\/h2>\n<p>Voici quelques appr\u00e9ciations post\u00e9es\u00a0sur les sites abritel et homelydays ou nous proposons \u00e9galement notre villa \u00e0 la location sous la ref: <em>937164<\/em> (abritel) et <em>6574918<\/em> (homelidays)<\/p>\n<p>Afin de prouver l&rsquo;exactitude ainsi que la\u00a0conformit\u00e9 de notre villa\u00a0mise en\u00a0 location saisonni\u00e8re par le \u00a0site \u00ab\u00a0labourbonnaise.fr\u00a0\u00bb, nous recueillons r\u00e9guli\u00e8rement les avis de nos locataires et nous vous les transmettons par le biais de notre site.[\/vc_column_text][vc_column_text]\n<h3>Location saisonni\u00e8re \u00ab\u00a0Villa la bourbonnaise\u00a0\u00bb<\/h3>\n<div class=\"clearfix\">\n<p><strong>Julie, Laurent, Laure, Christelle et olivier, du 13 au 27.10.2023<\/strong><\/p>\n<p>La R\u00e9union, l&rsquo;\u00eele intense!!<\/p>\n<p>Votre maison a largement contribu\u00e9 \u00e0 la r\u00e9ussite de notre s\u00e9jour.<\/p>\n<p>La maison est tr\u00e8s bien agenc\u00e9e et nous nous y sommes sentis comme chez nous. Nous avons beaucoup appr\u00e9ci\u00e9 la grande terrasse et sa vue sur l&rsquo;oc\u00e9an. Nous repartons tr\u00e8s contents de notre s\u00e9jour et n&rsquo;h\u00e9siterons pas \u00e0 recommander votre maison.<\/p>\n<p>Merci \u00e0 Jeanne pour l&rsquo;accueil.<\/p>\n<p>&nbsp;<\/p>\n<p><strong>Famille Vauchel, du 10 au 24.02.2023<\/strong><\/p>\n<p>Des vacances inoubliables pass\u00e9es dans votre tr\u00e8s belle maison qui offre une vue doint on ne se lasse pas!<\/p>\n<p>Nous avons \u00e9galement appr\u00e9ci\u00e9 la fraicheur des hauteurs.<\/p>\n<p>Merci pour votre bienveillance!<\/p>\n<p>H\u00e2te de revenir!<\/p>\n<p>&nbsp;<\/p>\n<p><strong>Jeremy, 03.02.2023<\/strong><\/p>\n<p>Super s\u00e9jour dans cette magnifique kaz,<\/p>\n<p>La vue est superbe, toute la maison est tr\u00e8s confortable. Le calme et la fraicheur de cette villa, en fait un atout ind\u00e9niable.<\/p>\n<p>Merci pour tout<\/p>\n<p><strong>Marcella, Pierre Etienne et Nicolas 20 octobre 2022<\/strong><\/p>\n<p>Nous avons pass\u00e9s un agr\u00e9able s\u00e9jour sur l&rsquo;\u00eele de la R\u00e9union, en partie grace \u00e0 votre maison, bien situ\u00e9e, lumineuse, confortable et fonctionnelle avec une vue magnifique sur l&rsquo;oc\u00e9an.<\/p>\n<p>Accueil chaleureux!<\/p>\n<\/div>\n<p>&nbsp;<\/p>\n<div class=\"clearfix\">\n<p><strong>Marie et Bernard, 13 Janvier 2022<\/strong><\/p>\n<p>5 \u00e9toiles au livre d&rsquo;or. Un s\u00e9jour de luxe au calme et au bonheur devant la beaut\u00e9 de notre ile, observ\u00e9e d&rsquo;une superbe terrasse aux multiples facettes m\u00eame sous les \u00e9toiles de la\u00a0 nuit. accueil et accompagnement magnifique de Madame Jeanne pr\u00e9sente et discr\u00e8te \u00e0 la fois. Vacances magnifiques!<\/p>\n<p><strong>Alexis et Delphine, 23.12.2019<\/strong><\/p>\n<p>Excellent s\u00e9jour sur l&rsquo;ile de la R\u00e9union!<\/p>\n<p>Cette maison est tr\u00e8s agr\u00e9able \u00e0 vivre, la vue est splendide et la terrasse parfaite pour admirer les feux d&rsquo;artifices de No\u00ebl et du jour de l&rsquo;an!<\/p>\n<p>Tr\u00e8s bonne continuation \u00e0 la famille Rocrou, merci de nous avoir fait confiance pour que nous profitions de votre maison !<\/p>\n<p>Super maison, bel accueil, des super vacances!<\/p>\n<p>&nbsp;<\/p>\n<p><strong>AGNES M. a dit&#8230;<\/strong><\/p>\n<p><strong>Excellent<\/strong><\/p>\n<p><strong>Date de s\u00e9jour 11 nov au 02 d\u00e9c. 2016<\/strong><\/p>\n<p>Villa conforme aux photos, moderne et tr\u00e8s bien \u00e9quip\u00e9e. La terrasse avec vue sur la mer est tr\u00e8s agr\u00e9able du petit d\u00e9jeuner au d\u00eener. Sa localisation en altitude apporte la fra\u00eecheur n\u00e9cessaire le soir et la nuit. L&rsquo;accueil est tr\u00e8s sympathique. Je conseille vivement cette location.<\/p>\n<p>&nbsp;<\/p>\n<\/div>\n<div class=\"clearfix\"><\/div>\n<div class=\"clearfix collapsed-box collapse in\"><\/div>\n<p><strong>boris f. \u00e0 dit&#8230;<\/strong><\/p>\n<p><strong>un endroit id\u00e9al<\/strong><\/p>\n<p>Un endroit calme et reposant avec une vue magnifique vue sur l&rsquo;oc\u00e9an ! Tr\u00e8s propre et confortable cette maison est aussi tr\u00e8s bien \u00e9quip\u00e9e. Un accueil tr\u00e8s chaleureux \u00e0 notre arriv\u00e9e&#8230; Rien \u00e0 dire, deux semaines de pure plaisir !!!<\/p>\n<p><strong>Date s\u00e9jour<\/strong><\/p>\n<p><strong>du 3 au 16 septembre 2016<\/strong><\/p>\n<p>&nbsp;<\/p>\n<p>chemin armanet, 97426, les trois bassins, Reunion<\/p>\n<p><strong>Excellent<\/strong><\/p>\n<p>Villa conforme aux photos, moderne et tr\u00e8s bien \u00e9quip\u00e9e.<br \/>\nLa terrasse avec vue sur la mer est tr\u00e8s agr\u00e9able du petit d\u00e9jeuner au d\u00eener. Sa localisation en altitude apporte la fra\u00eecheur n\u00e9cessaire le soir et la nuit. L&rsquo;accueil est tr\u00e8s sympathique. Je conseille vivement cette location.<\/p>\n<p><strong>Date de s\u00e9jour<\/strong><\/p>\n<p><strong>11 novembre 2016<\/strong><\/p>\n<p>&nbsp;<\/p>\n<p><strong>Un panorama de r\u00eave depuis un logement de classe..<\/strong><\/p>\n<p>chemin armanet, 97426, les trois bassins, Reunion<\/p>\n<p><strong>Date de s\u00e9jour<br \/>\n<\/strong><strong>8 juillet 2016<\/strong><\/p>\n<p>&nbsp;<\/p>\n<p style=\"text-align: justify;\">Un petit d\u00e9jeuner sur la terrasse&#8230;Un ap\u00e9ro avec un verre de rhum arrang\u00e9 local, allong\u00e9 sur un transat devant la nuit naissante,&#8230; tout ceci avec un vue spectaculaire sur l&rsquo;oc\u00e9an indien entre l&rsquo;Ermitage et Saint-Gilles&#8230; Quel emplacement ! L&rsquo;appartement est moderne, complet, tr\u00e8s propre&#8230; les chambres ont chacune un style, la cuisine est tr\u00e8s compl\u00e8te&#8230; mieux qu&rsquo;un logement d&rsquo;habitation. Il est donc possible de profiter de tous les poissons, viandes boucan\u00e9es, l\u00e9gumes inconnus,&#8230;etc que l&rsquo;on peut d\u00e9couvrir sur les march\u00e9s et sur les ports dans les environs. Un WIFI efficace pour permettre de planifier les visites, excursions du lendemain, pour consulter la m\u00e9t\u00e9o&#8230; L&rsquo;accueil a \u00e9t\u00e9 parfait et tr\u00e8s sympathique. Marie nous attendait comme convenu pour le tour de la location et rest\u00e9e disponible tout au long de notre s\u00e9jour. Nous conseillons sans h\u00e9sitation cette location. Elle a \u00e9t\u00e9 parfaitement adapt\u00e9e \u00e0 notre s\u00e9jour familial.<\/p>\n[\/vc_column_text][\/vc_column][\/vc_row][vc_row][vc_column][vc_column_text]<strong>Villa tr\u00e8s confortable<\/strong><\/p>\n<p>chemin armanet, 97426, les trois bassins, Reunion<\/p>\n<p><strong>Date de s\u00e9jour<br \/>\n<\/strong><strong>14 janvier 2016<\/strong><\/p>\n<p>&nbsp;<\/p>\n<p style=\"text-align: justify;\">Villa magnifique tr\u00e8s confortable \u00e0 proximit\u00e9 de la mer et centre ville. Acc\u00e8s rapide sur la route des tamarins. La personne qui vous accueille Mme Jeanne est exceptionnelle. Villa tr\u00e8s propre et tout est pens\u00e9 pour quand vous arrivez vous n&rsquo;avez pas besoin de courir faire les courses. Je recommande cette villa,moi m\u00eame je la loue \u00e0 chaque vacances.<\/p>\n<p><strong>Je recommande cette Location Vacances pour les :<\/strong>\u00a0Familles avec adolescent[\/vc_column_text][vc_column_text]<strong>une belle villa, bien am\u00e9nag\u00e9e,propre<\/strong><\/p>\n<p>chemin armanet, 97426, les trois bassins, Reunion<\/p>\n<p><strong>Date de s\u00e9jour<br \/>\n<\/strong><strong>4 octobre 2015<\/strong><\/p>\n<p>&nbsp;<\/p>\n<p>la bourbonnaise s\u00e9duit d&rsquo;abord par sa vue magnifique sur la baie se ST LEU, elle peut paraitre un peu \u00e9loigner de la c\u00f4te mais cela permet un peu de fraicheur en soir\u00e9e. l&rsquo;acc\u00e8s est relativement facile et l&rsquo;am\u00e9nagement id\u00e9al pour un bon s\u00e9jour. un accueil tr\u00e8s chaleureux et typique.<\/p>\n[\/vc_column_text][vc_column_text]<strong>S\u00e9jour tr\u00e9s agr\u00e9able \u00e0 la bourbonnaise<\/strong><\/p>\n<p>chemin armanet, 97426, les trois bassins, Reunion<\/p>\n<p><strong>Date de s\u00e9jour<br \/>\n<\/strong><strong>14 septembre 2014<\/strong><\/p>\n<p>&nbsp;<\/p>\n<p style=\"text-align: justify;\">maison tr\u00e8s agr\u00e9able tout confort tr\u00e8s propre un accueil super sympa de Jeanne Marie et Yvonne m\u00eame si nous l avons vu qu &lsquo;une fois &#8230;travail oblige .La localisation de la maison \u00e9tait parfaite tout simplement car en bas trop de monde et chaud et dans les hauts le temps est souvent incertain surtout que pendant cette p\u00e9riode l\u00e0 c&rsquo;est l hiver mais tout de m\u00eame avec des temperatures de 30 en bas et \u00e0 la bourbonnaise 25 26\u00b0 superbe terrasse avec une vue extraordinaire nous avons m\u00eame vu des baleines&#8230;. et pour les commodit\u00e9s c&rsquo;est tr\u00e8s bien a 10 MN vous avez trois bassins ou il y a tous commerces et la saline \u00e0 20mn ,si un jour on repart pour la reunion nous reviendrons chez vous.Je recommande cette location.<\/p>\n[\/vc_column_text][vc_column_text]<strong>TRES BIEN<\/strong><\/p>\n<p>chemin armanet, 97426, les trois bassins, Reunion<\/p>\n<p><strong>Date de s\u00e9jour<br \/>\n<\/strong><strong>17 juillet 2013<\/strong><\/p>\n<p>&nbsp;<\/p>\n<p>TRES BELLE MAISON, CONFORTABLE, PRATIQUE,TRES BIEN EQUIPEE[\/vc_column_text][vc_column_text]<strong>LA BOURBONNAISE<\/strong><\/p>\n<p>chemin armanet, 97426, les trois bassins, Reunion<\/p>\n<p><strong>Date de s\u00e9jour<br \/>\n<\/strong><strong>5 janvier 2013<\/strong><\/p>\n<p>&nbsp;<\/p>\n<p style=\"text-align: justify;\">Location tout \u00e0 fait conforme \u00e0 la description, accueil tr\u00e8s agr\u00e9able et grande disponibilit\u00e9 d Yvonne pendant le s\u00e9jour, environnement tr\u00e8s calme vue magnifique sur le lagon, \u00e9quipement tout \u00e0 fait satisfaisant et moderne. Tout \u00e0 proximit\u00e9 mer, montagne, commerce,H\u00e9liport&#8230; Tout pour un agr\u00e9able s\u00e9jour que nous souhaiterions volontiers renouveler et que nous conseillerons. Philippe LEBAUPIN<\/p>\n<p style=\"text-align: justify;\"><em>\u00a0<\/em><\/p>\n[\/vc_column_text][\/vc_column][\/vc_row]\n<\/div>","protected":false},"excerpt":{"rendered":"<p>[vc_row][vc_column][vc_column_text] Villa \u00ab\u00a0la bourbonnaise\u00a0\u00bb chemin armanet, 97426, les trois bassins, R\u00e9union Location saisonni\u00e8re Appr\u00e9ciations: Location, ses appr\u00e9ciations: Voici quelques appr\u00e9ciations post\u00e9es\u00a0sur les sites abritel et homelydays ou nous proposons \u00e9galement notre villa \u00e0 la location sous la ref: 937164 (abritel) &hellip; <a class=\"kt-excerpt-readmore\" href=\"https:\/\/labourbonnaise.fr\/index.php\/localisation-location-vacances-ile-de-la-reunion-html\/location\/appreciations\/\" aria-label=\"Appr\u00e9ciations\">Lire la suite<\/a><\/p>\n","protected":false},"author":1,"featured_media":621,"parent":307,"menu_order":0,"comment_status":"closed","ping_status":"closed","template":"page-fullwidth.php","meta":{"_mc_calendar":[],"footnotes":""},"class_list":["post-969","page","type-page","status-publish","has-post-thumbnail","hentry"],"yoast_head":"<!-- This site is optimized with the Yoast SEO plugin v27.4 - https:\/\/yoast.com\/product\/yoast-seo-wordpress\/ -->\n<title>appr\u00e9ciation, la bourbonnaise, location saisonni\u00e8re, appr\u00e9ciations diverses<\/title>\n<meta name=\"description\" content=\"villa &quot;la bourbonnaise&quot; location saisonni\u00e8re, vue panoramique sur lagon, appr\u00e9ciations de locataires sur le bien-\u00eatre de la villa et sa conformit\u00e9.\" \/>\n<meta name=\"robots\" content=\"index, follow, max-snippet:-1, max-image-preview:large, max-video-preview:-1\" \/>\n<link rel=\"canonical\" href=\"https:\/\/labourbonnaise.fr\/index.php\/localisation-location-vacances-ile-de-la-reunion-html\/location\/appreciations\/\" \/>\n<meta property=\"og:locale\" content=\"fr_FR\" \/>\n<meta property=\"og:type\" content=\"article\" \/>\n<meta property=\"og:title\" content=\"appr\u00e9ciation, la bourbonnaise, location saisonni\u00e8re, appr\u00e9ciations diverses\" \/>\n<meta property=\"og:description\" content=\"villa &quot;la bourbonnaise&quot; location saisonni\u00e8re, vue panoramique sur lagon, appr\u00e9ciations de locataires sur le bien-\u00eatre de la villa et sa conformit\u00e9.\" \/>\n<meta property=\"og:url\" content=\"https:\/\/labourbonnaise.fr\/index.php\/localisation-location-vacances-ile-de-la-reunion-html\/location\/appreciations\/\" \/>\n<meta property=\"og:site_name\" content=\"La Bourbonnaise\" \/>\n<meta property=\"article:modified_time\" content=\"2023-11-10T10:37:59+00:00\" \/>\n<meta name=\"twitter:card\" content=\"summary_large_image\" \/>\n<meta name=\"twitter:label1\" content=\"Dur\u00e9e de lecture estim\u00e9e\" \/>\n\t<meta name=\"twitter:data1\" content=\"6 minutes\" \/>\n<script type=\"application\/ld+json\" class=\"yoast-schema-graph\">{\"@context\":\"https:\\\/\\\/schema.org\",\"@graph\":[{\"@type\":\"WebPage\",\"@id\":\"https:\\\/\\\/labourbonnaise.fr\\\/index.php\\\/localisation-location-vacances-ile-de-la-reunion-html\\\/location\\\/appreciations\\\/\",\"url\":\"https:\\\/\\\/labourbonnaise.fr\\\/index.php\\\/localisation-location-vacances-ile-de-la-reunion-html\\\/location\\\/appreciations\\\/\",\"name\":\"appr\u00e9ciation, la bourbonnaise, location saisonni\u00e8re, appr\u00e9ciations diverses\",\"isPartOf\":{\"@id\":\"https:\\\/\\\/labourbonnaise.fr\\\/#website\"},\"primaryImageOfPage\":{\"@id\":\"https:\\\/\\\/labourbonnaise.fr\\\/index.php\\\/localisation-location-vacances-ile-de-la-reunion-html\\\/location\\\/appreciations\\\/#primaryimage\"},\"image\":{\"@id\":\"https:\\\/\\\/labourbonnaise.fr\\\/index.php\\\/localisation-location-vacances-ile-de-la-reunion-html\\\/location\\\/appreciations\\\/#primaryimage\"},\"thumbnailUrl\":\"\",\"datePublished\":\"2016-10-07T08:20:47+00:00\",\"dateModified\":\"2023-11-10T10:37:59+00:00\",\"description\":\"villa \\\"la bourbonnaise\\\" location saisonni\u00e8re, vue panoramique sur lagon, appr\u00e9ciations de locataires sur le bien-\u00eatre de la villa et sa conformit\u00e9.\",\"breadcrumb\":{\"@id\":\"https:\\\/\\\/labourbonnaise.fr\\\/index.php\\\/localisation-location-vacances-ile-de-la-reunion-html\\\/location\\\/appreciations\\\/#breadcrumb\"},\"inLanguage\":\"fr-FR\",\"potentialAction\":[{\"@type\":\"ReadAction\",\"target\":[\"https:\\\/\\\/labourbonnaise.fr\\\/index.php\\\/localisation-location-vacances-ile-de-la-reunion-html\\\/location\\\/appreciations\\\/\"]}]},{\"@type\":\"ImageObject\",\"inLanguage\":\"fr-FR\",\"@id\":\"https:\\\/\\\/labourbonnaise.fr\\\/index.php\\\/localisation-location-vacances-ile-de-la-reunion-html\\\/location\\\/appreciations\\\/#primaryimage\",\"url\":\"\",\"contentUrl\":\"\"},{\"@type\":\"BreadcrumbList\",\"@id\":\"https:\\\/\\\/labourbonnaise.fr\\\/index.php\\\/localisation-location-vacances-ile-de-la-reunion-html\\\/location\\\/appreciations\\\/#breadcrumb\",\"itemListElement\":[{\"@type\":\"ListItem\",\"position\":1,\"name\":\"Accueil\",\"item\":\"https:\\\/\\\/labourbonnaise.fr\\\/\"},{\"@type\":\"ListItem\",\"position\":2,\"name\":\"localisation-location-vacances-ile-de-la-reunion.html\",\"item\":\"https:\\\/\\\/labourbonnaise.fr\\\/index.php\\\/localisation-location-vacances-ile-de-la-reunion-html\\\/\"},{\"@type\":\"ListItem\",\"position\":3,\"name\":\"Bienvenue \u00e0 \u00ab\u00a0la Bourbonnaise\u00a0\u00bb Location saisonni\u00e8re, \u00eele de la r\u00e9union-accueil\",\"item\":\"https:\\\/\\\/labourbonnaise.fr\\\/\"},{\"@type\":\"ListItem\",\"position\":4,\"name\":\"Appr\u00e9ciations\"}]},{\"@type\":\"WebSite\",\"@id\":\"https:\\\/\\\/labourbonnaise.fr\\\/#website\",\"url\":\"https:\\\/\\\/labourbonnaise.fr\\\/\",\"name\":\"La Bourbonnaise\",\"description\":\"Location saisonni\u00e8re\",\"potentialAction\":[{\"@type\":\"SearchAction\",\"target\":{\"@type\":\"EntryPoint\",\"urlTemplate\":\"https:\\\/\\\/labourbonnaise.fr\\\/?s={search_term_string}\"},\"query-input\":{\"@type\":\"PropertyValueSpecification\",\"valueRequired\":true,\"valueName\":\"search_term_string\"}}],\"inLanguage\":\"fr-FR\"}]}<\/script>\n<!-- \/ Yoast SEO plugin. -->","yoast_head_json":{"title":"appr\u00e9ciation, la bourbonnaise, location saisonni\u00e8re, appr\u00e9ciations diverses","description":"villa \"la bourbonnaise\" location saisonni\u00e8re, vue panoramique sur lagon, appr\u00e9ciations de locataires sur le bien-\u00eatre de la villa et sa conformit\u00e9.","robots":{"index":"index","follow":"follow","max-snippet":"max-snippet:-1","max-image-preview":"max-image-preview:large","max-video-preview":"max-video-preview:-1"},"canonical":"https:\/\/labourbonnaise.fr\/index.php\/localisation-location-vacances-ile-de-la-reunion-html\/location\/appreciations\/","og_locale":"fr_FR","og_type":"article","og_title":"appr\u00e9ciation, la bourbonnaise, location saisonni\u00e8re, appr\u00e9ciations diverses","og_description":"villa \"la bourbonnaise\" location saisonni\u00e8re, vue panoramique sur lagon, appr\u00e9ciations de locataires sur le bien-\u00eatre de la villa et sa conformit\u00e9.","og_url":"https:\/\/labourbonnaise.fr\/index.php\/localisation-location-vacances-ile-de-la-reunion-html\/location\/appreciations\/","og_site_name":"La Bourbonnaise","article_modified_time":"2023-11-10T10:37:59+00:00","twitter_card":"summary_large_image","twitter_misc":{"Dur\u00e9e de lecture estim\u00e9e":"6 minutes"},"schema":{"@context":"https:\/\/schema.org","@graph":[{"@type":"WebPage","@id":"https:\/\/labourbonnaise.fr\/index.php\/localisation-location-vacances-ile-de-la-reunion-html\/location\/appreciations\/","url":"https:\/\/labourbonnaise.fr\/index.php\/localisation-location-vacances-ile-de-la-reunion-html\/location\/appreciations\/","name":"appr\u00e9ciation, la bourbonnaise, location saisonni\u00e8re, appr\u00e9ciations diverses","isPartOf":{"@id":"https:\/\/labourbonnaise.fr\/#website"},"primaryImageOfPage":{"@id":"https:\/\/labourbonnaise.fr\/index.php\/localisation-location-vacances-ile-de-la-reunion-html\/location\/appreciations\/#primaryimage"},"image":{"@id":"https:\/\/labourbonnaise.fr\/index.php\/localisation-location-vacances-ile-de-la-reunion-html\/location\/appreciations\/#primaryimage"},"thumbnailUrl":"","datePublished":"2016-10-07T08:20:47+00:00","dateModified":"2023-11-10T10:37:59+00:00","description":"villa \"la bourbonnaise\" location saisonni\u00e8re, vue panoramique sur lagon, appr\u00e9ciations de locataires sur le bien-\u00eatre de la villa et sa conformit\u00e9.","breadcrumb":{"@id":"https:\/\/labourbonnaise.fr\/index.php\/localisation-location-vacances-ile-de-la-reunion-html\/location\/appreciations\/#breadcrumb"},"inLanguage":"fr-FR","potentialAction":[{"@type":"ReadAction","target":["https:\/\/labourbonnaise.fr\/index.php\/localisation-location-vacances-ile-de-la-reunion-html\/location\/appreciations\/"]}]},{"@type":"ImageObject","inLanguage":"fr-FR","@id":"https:\/\/labourbonnaise.fr\/index.php\/localisation-location-vacances-ile-de-la-reunion-html\/location\/appreciations\/#primaryimage","url":"","contentUrl":""},{"@type":"BreadcrumbList","@id":"https:\/\/labourbonnaise.fr\/index.php\/localisation-location-vacances-ile-de-la-reunion-html\/location\/appreciations\/#breadcrumb","itemListElement":[{"@type":"ListItem","position":1,"name":"Accueil","item":"https:\/\/labourbonnaise.fr\/"},{"@type":"ListItem","position":2,"name":"localisation-location-vacances-ile-de-la-reunion.html","item":"https:\/\/labourbonnaise.fr\/index.php\/localisation-location-vacances-ile-de-la-reunion-html\/"},{"@type":"ListItem","position":3,"name":"Bienvenue \u00e0 \u00ab\u00a0la Bourbonnaise\u00a0\u00bb Location saisonni\u00e8re, \u00eele de la r\u00e9union-accueil","item":"https:\/\/labourbonnaise.fr\/"},{"@type":"ListItem","position":4,"name":"Appr\u00e9ciations"}]},{"@type":"WebSite","@id":"https:\/\/labourbonnaise.fr\/#website","url":"https:\/\/labourbonnaise.fr\/","name":"La Bourbonnaise","description":"Location saisonni\u00e8re","potentialAction":[{"@type":"SearchAction","target":{"@type":"EntryPoint","urlTemplate":"https:\/\/labourbonnaise.fr\/?s={search_term_string}"},"query-input":{"@type":"PropertyValueSpecification","valueRequired":true,"valueName":"search_term_string"}}],"inLanguage":"fr-FR"}]}},"_links":{"self":[{"href":"https:\/\/labourbonnaise.fr\/index.php\/wp-json\/wp\/v2\/pages\/969","targetHints":{"allow":["GET"]}}],"collection":[{"href":"https:\/\/labourbonnaise.fr\/index.php\/wp-json\/wp\/v2\/pages"}],"about":[{"href":"https:\/\/labourbonnaise.fr\/index.php\/wp-json\/wp\/v2\/types\/page"}],"author":[{"embeddable":true,"href":"https:\/\/labourbonnaise.fr\/index.php\/wp-json\/wp\/v2\/users\/1"}],"replies":[{"embeddable":true,"href":"https:\/\/labourbonnaise.fr\/index.php\/wp-json\/wp\/v2\/comments?post=969"}],"version-history":[{"count":3,"href":"https:\/\/labourbonnaise.fr\/index.php\/wp-json\/wp\/v2\/pages\/969\/revisions"}],"predecessor-version":[{"id":1949,"href":"https:\/\/labourbonnaise.fr\/index.php\/wp-json\/wp\/v2\/pages\/969\/revisions\/1949"}],"up":[{"embeddable":true,"href":"https:\/\/labourbonnaise.fr\/index.php\/wp-json\/wp\/v2\/pages\/307"}],"wp:featuredmedia":[{"embeddable":true,"href":"https:\/\/labourbonnaise.fr\/index.php\/wp-json\/"}],"wp:attachment":[{"href":"https:\/\/labourbonnaise.fr\/index.php\/wp-json\/wp\/v2\/media?parent=969"}],"curies":[{"name":"wp","href":"https:\/\/api.w.org\/{rel}","templated":true}]}}