{"id":533,"date":"2015-06-16T09:26:55","date_gmt":"2015-06-16T08:26:55","guid":{"rendered":"http:\/\/ethnicom-projet1.fr\/vannesg1\/stagiaire7\/?page_id=533"},"modified":"2015-06-16T09:26:55","modified_gmt":"2015-06-16T08:26:55","slug":"conditions-generales-de-vente","status":"publish","type":"page","link":"https:\/\/labourbonnaise.fr\/index.php\/conditions-generales-de-vente\/","title":{"rendered":"Conditions g\u00e9n\u00e9rales de vente"},"content":{"rendered":"<div class=\"wpb-content-wrapper\">[vc_row][vc_column][vc_column_text css_animation=\u00a0\u00bbappear\u00a0\u00bb]\n<h2>Conditions g\u00e9n\u00e9rales de vente:<\/h2>\n<h4 style=\"text-align: justify;\">Location d&rsquo;une villa:<\/h4>\n<h5 style=\"text-align: justify;\"><strong>La location:<\/strong><\/h5>\n<p style=\"text-align: justify;\">La location est ouverte en saisonnier, Les prix de la location sont de 680 \u20ac\/semaine toutes saisons. Ces tarifs sont r\u00e9duits pour les locations de plus longues dur\u00e9es et r\u00e9visable \u00e0 partir de la 3\u00e8me semaine si cons\u00e9cutive. Une location longue dur\u00e9e est possible (3 mois minimum, 6 mois maximum) avec un tarif pr\u00e9f\u00e9rentiel selon disponibilit\u00e9s.<\/p>\n<p style=\"text-align: justify;\"><strong>Le contrat:<\/strong><\/p>\n<p style=\"text-align: justify;\">Un contrat vous sera adress\u00e9 d\u00e8s votre demande de r\u00e9servation et sera effective d\u00e8s le paiement de l&rsquo;acompte. vos noms, adresses et t\u00e9l\u00e9phones sont obligatoires pour la r\u00e9daction de votre contrat. Un acompte de 20 % vous sera demand\u00e9 et encaiss\u00e9. Le solde de la location sera \u00e0 remettre sur place contre la remise des clefs.<\/p>\n<p style=\"text-align: justify;\">Une confirmation de r\u00e9servation pourra vous \u00eatre adress\u00e9 sur r\u00e9clamation.<\/p>\n<p style=\"text-align: justify;\"><strong>Remboursement de l&rsquo;acompte:<\/strong><\/p>\n<p style=\"text-align: justify;\">L&rsquo;acompte ne pourra en aucun cas \u00eatre rembours\u00e9 sauf cas exceptionnel ( hospitalisation, d\u00e9c\u00e8s etc.. et sur justificatifs).<\/p>\n<p style=\"text-align: justify;\"><strong>Les charges:<\/strong><\/p>\n<p style=\"text-align: justify;\">Les \u00a0charges de m\u00e9nage ne sont pas comprises, le logement doit-\u00eatre rendu propre ou il vous sera r\u00e9clam\u00e9 la somme de 70 \u20ac et sont r\u00e9clam\u00e9es en compl\u00e9ment de la location.<\/p>\n<p style=\"text-align: justify;\"><strong>Contenu de la location:<\/strong><\/p>\n<p style=\"text-align: justify;\">La villa est totalement \u00e9quip\u00e9e. Sont fournis: (linge de maison, vaisselles et accessoires) ainsi que tout l&rsquo;\u00e9quipement utile au fonctionnement.<\/p>\n<p style=\"text-align: justify;\"><strong>Caution:<\/strong><\/p>\n<p style=\"text-align: justify;\">Une caution de 1 000 \u20ac vous est r\u00e9clam\u00e9e \u00e0 la r\u00e9servation, cette caution n&rsquo;est pas encaiss\u00e9e, elle tient lieu de garantie et vous sera restitu\u00e9e \u00e0 votre d\u00e9part. Cette caution peut-\u00eatre retenue en totalit\u00e9 ou en partie si d\u00e9gradations.<\/p>\n<p style=\"text-align: justify;\"><strong>Maintenance:<\/strong><\/p>\n<p style=\"text-align: justify;\">Une h\u00f4tesse se tient \u00e0 votre disposition en cas de soucis ponctuelle pendant votre p\u00e9riode de location. Ses coordonn\u00e9es vous sont donn\u00e9es avec les informations li\u00e9es \u00e0 votre contrat.<\/p>\n<p style=\"text-align: justify;\"><strong>Assurances:<\/strong><\/p>\n<p style=\"text-align: justify;\">Tous les occupants sont dans l\u2019obligation de fournir une attestation d&rsquo;assurances pour la p\u00e9riode de location concern\u00e9e.<\/p>\n[\/vc_column_text][\/vc_column][\/vc_row]\n<\/div>","protected":false},"excerpt":{"rendered":"<p>[vc_row][vc_column][vc_column_text css_animation=\u00a0\u00bbappear\u00a0\u00bb] Conditions g\u00e9n\u00e9rales de vente: Location d&rsquo;une villa: La location: La location est ouverte en saisonnier, Les prix de la location sont de 680 \u20ac\/semaine toutes saisons. Ces tarifs sont r\u00e9duits pour les locations de plus longues dur\u00e9es et &hellip; <a class=\"kt-excerpt-readmore\" href=\"https:\/\/labourbonnaise.fr\/index.php\/conditions-generales-de-vente\/\" aria-label=\"Conditions g\u00e9n\u00e9rales de vente\">Lire la suite<\/a><\/p>\n","protected":false},"author":1,"featured_media":0,"parent":0,"menu_order":0,"comment_status":"open","ping_status":"open","template":"page-fullwidth.php","meta":{"_mc_calendar":[],"footnotes":""},"class_list":["post-533","page","type-page","status-publish","hentry"],"yoast_head":"<!-- This site is optimized with the Yoast SEO plugin v27.4 - https:\/\/yoast.com\/product\/yoast-seo-wordpress\/ -->\n<title>Conditions g\u00e9n\u00e9rales de vente, location d&#039;une villa \u00e0: les trois bassins 974<\/title>\n<meta name=\"description\" content=\"Conditions g\u00e9n\u00e9rales de vente, Location, villa la bourbonnaise, les trois bassins 974. Votre contrat et conditions, contenu...\" \/>\n<meta name=\"robots\" content=\"index, follow, max-snippet:-1, max-image-preview:large, max-video-preview:-1\" \/>\n<link rel=\"canonical\" href=\"https:\/\/labourbonnaise.fr\/index.php\/conditions-generales-de-vente\/\" \/>\n<meta property=\"og:locale\" content=\"fr_FR\" \/>\n<meta property=\"og:type\" content=\"article\" \/>\n<meta property=\"og:title\" content=\"Conditions g\u00e9n\u00e9rales de vente, location d&#039;une villa \u00e0: les trois bassins 974\" \/>\n<meta property=\"og:description\" content=\"Conditions g\u00e9n\u00e9rales de vente, Location, villa la bourbonnaise, les trois bassins 974. Votre contrat et conditions, contenu...\" \/>\n<meta property=\"og:url\" content=\"https:\/\/labourbonnaise.fr\/index.php\/conditions-generales-de-vente\/\" \/>\n<meta property=\"og:site_name\" content=\"La Bourbonnaise\" \/>\n<meta name=\"twitter:card\" content=\"summary_large_image\" \/>\n<meta name=\"twitter:label1\" content=\"Dur\u00e9e de lecture estim\u00e9e\" \/>\n\t<meta name=\"twitter:data1\" content=\"2 minutes\" \/>\n<script type=\"application\/ld+json\" class=\"yoast-schema-graph\">{\"@context\":\"https:\\\/\\\/schema.org\",\"@graph\":[{\"@type\":\"WebPage\",\"@id\":\"https:\\\/\\\/labourbonnaise.fr\\\/index.php\\\/conditions-generales-de-vente\\\/\",\"url\":\"https:\\\/\\\/labourbonnaise.fr\\\/index.php\\\/conditions-generales-de-vente\\\/\",\"name\":\"Conditions g\u00e9n\u00e9rales de vente, location d'une villa \u00e0: les trois bassins 974\",\"isPartOf\":{\"@id\":\"https:\\\/\\\/labourbonnaise.fr\\\/#website\"},\"datePublished\":\"2015-06-16T08:26:55+00:00\",\"description\":\"Conditions g\u00e9n\u00e9rales de vente, Location, villa la bourbonnaise, les trois bassins 974. Votre contrat et conditions, contenu...\",\"breadcrumb\":{\"@id\":\"https:\\\/\\\/labourbonnaise.fr\\\/index.php\\\/conditions-generales-de-vente\\\/#breadcrumb\"},\"inLanguage\":\"fr-FR\",\"potentialAction\":[{\"@type\":\"ReadAction\",\"target\":[\"https:\\\/\\\/labourbonnaise.fr\\\/index.php\\\/conditions-generales-de-vente\\\/\"]}]},{\"@type\":\"BreadcrumbList\",\"@id\":\"https:\\\/\\\/labourbonnaise.fr\\\/index.php\\\/conditions-generales-de-vente\\\/#breadcrumb\",\"itemListElement\":[{\"@type\":\"ListItem\",\"position\":1,\"name\":\"Accueil\",\"item\":\"https:\\\/\\\/labourbonnaise.fr\\\/\"},{\"@type\":\"ListItem\",\"position\":2,\"name\":\"Conditions g\u00e9n\u00e9rales de vente\"}]},{\"@type\":\"WebSite\",\"@id\":\"https:\\\/\\\/labourbonnaise.fr\\\/#website\",\"url\":\"https:\\\/\\\/labourbonnaise.fr\\\/\",\"name\":\"La Bourbonnaise\",\"description\":\"Location saisonni\u00e8re\",\"potentialAction\":[{\"@type\":\"SearchAction\",\"target\":{\"@type\":\"EntryPoint\",\"urlTemplate\":\"https:\\\/\\\/labourbonnaise.fr\\\/?s={search_term_string}\"},\"query-input\":{\"@type\":\"PropertyValueSpecification\",\"valueRequired\":true,\"valueName\":\"search_term_string\"}}],\"inLanguage\":\"fr-FR\"}]}<\/script>\n<!-- \/ Yoast SEO plugin. -->","yoast_head_json":{"title":"Conditions g\u00e9n\u00e9rales de vente, location d'une villa \u00e0: les trois bassins 974","description":"Conditions g\u00e9n\u00e9rales de vente, Location, villa la bourbonnaise, les trois bassins 974. Votre contrat et conditions, contenu...","robots":{"index":"index","follow":"follow","max-snippet":"max-snippet:-1","max-image-preview":"max-image-preview:large","max-video-preview":"max-video-preview:-1"},"canonical":"https:\/\/labourbonnaise.fr\/index.php\/conditions-generales-de-vente\/","og_locale":"fr_FR","og_type":"article","og_title":"Conditions g\u00e9n\u00e9rales de vente, location d'une villa \u00e0: les trois bassins 974","og_description":"Conditions g\u00e9n\u00e9rales de vente, Location, villa la bourbonnaise, les trois bassins 974. Votre contrat et conditions, contenu...","og_url":"https:\/\/labourbonnaise.fr\/index.php\/conditions-generales-de-vente\/","og_site_name":"La Bourbonnaise","twitter_card":"summary_large_image","twitter_misc":{"Dur\u00e9e de lecture estim\u00e9e":"2 minutes"},"schema":{"@context":"https:\/\/schema.org","@graph":[{"@type":"WebPage","@id":"https:\/\/labourbonnaise.fr\/index.php\/conditions-generales-de-vente\/","url":"https:\/\/labourbonnaise.fr\/index.php\/conditions-generales-de-vente\/","name":"Conditions g\u00e9n\u00e9rales de vente, location d'une villa \u00e0: les trois bassins 974","isPartOf":{"@id":"https:\/\/labourbonnaise.fr\/#website"},"datePublished":"2015-06-16T08:26:55+00:00","description":"Conditions g\u00e9n\u00e9rales de vente, Location, villa la bourbonnaise, les trois bassins 974. Votre contrat et conditions, contenu...","breadcrumb":{"@id":"https:\/\/labourbonnaise.fr\/index.php\/conditions-generales-de-vente\/#breadcrumb"},"inLanguage":"fr-FR","potentialAction":[{"@type":"ReadAction","target":["https:\/\/labourbonnaise.fr\/index.php\/conditions-generales-de-vente\/"]}]},{"@type":"BreadcrumbList","@id":"https:\/\/labourbonnaise.fr\/index.php\/conditions-generales-de-vente\/#breadcrumb","itemListElement":[{"@type":"ListItem","position":1,"name":"Accueil","item":"https:\/\/labourbonnaise.fr\/"},{"@type":"ListItem","position":2,"name":"Conditions g\u00e9n\u00e9rales de vente"}]},{"@type":"WebSite","@id":"https:\/\/labourbonnaise.fr\/#website","url":"https:\/\/labourbonnaise.fr\/","name":"La Bourbonnaise","description":"Location saisonni\u00e8re","potentialAction":[{"@type":"SearchAction","target":{"@type":"EntryPoint","urlTemplate":"https:\/\/labourbonnaise.fr\/?s={search_term_string}"},"query-input":{"@type":"PropertyValueSpecification","valueRequired":true,"valueName":"search_term_string"}}],"inLanguage":"fr-FR"}]}},"_links":{"self":[{"href":"https:\/\/labourbonnaise.fr\/index.php\/wp-json\/wp\/v2\/pages\/533","targetHints":{"allow":["GET"]}}],"collection":[{"href":"https:\/\/labourbonnaise.fr\/index.php\/wp-json\/wp\/v2\/pages"}],"about":[{"href":"https:\/\/labourbonnaise.fr\/index.php\/wp-json\/wp\/v2\/types\/page"}],"author":[{"embeddable":true,"href":"https:\/\/labourbonnaise.fr\/index.php\/wp-json\/wp\/v2\/users\/1"}],"replies":[{"embeddable":true,"href":"https:\/\/labourbonnaise.fr\/index.php\/wp-json\/wp\/v2\/comments?post=533"}],"version-history":[{"count":0,"href":"https:\/\/labourbonnaise.fr\/index.php\/wp-json\/wp\/v2\/pages\/533\/revisions"}],"wp:attachment":[{"href":"https:\/\/labourbonnaise.fr\/index.php\/wp-json\/wp\/v2\/media?parent=533"}],"curies":[{"name":"wp","href":"https:\/\/api.w.org\/{rel}","templated":true}]}}