{"id":529,"date":"2015-06-16T09:01:39","date_gmt":"2015-06-16T08:01:39","guid":{"rendered":"http:\/\/ethnicom-projet1.fr\/vannesg1\/stagiaire7\/?page_id=529"},"modified":"2015-06-16T09:01:39","modified_gmt":"2015-06-16T08:01:39","slug":"mentions-legales","status":"publish","type":"page","link":"https:\/\/labourbonnaise.fr\/index.php\/mentions-legales\/","title":{"rendered":"Mentions l\u00e9gales"},"content":{"rendered":"<h2><strong>Mentions l\u00e9gales:<\/strong><\/h2>\n<p>Site r\u00e9alis\u00e9 par Mme ROCROU V\u00e9ronique par l&rsquo;interm\u00e9diaire de la CMA<\/p>\n<p>Site: www.labourbonnaise.fr<\/p>\n<p>Date de cr\u00e9ation 2010<\/p>\n<p>H\u00e9bergement: OVH<\/p>\n<p>adresse: la ville claire 22170 PLOUVARA\u00a0(si\u00e8ge)<\/p>\n<p>t\u00e9l\u00e9phone: 02.96.94.92.83 (le soir)<\/p>\n<p>et 06.26.80.43.94<\/p>\n<p>N\u00b0 SIRET: 433 953 445 00031 en loueur non prof\u00e9ssionnel<\/p>\n","protected":false},"excerpt":{"rendered":"<p>Mentions l\u00e9gales: Site r\u00e9alis\u00e9 par Mme ROCROU V\u00e9ronique par l&rsquo;interm\u00e9diaire de la CMA Site: www.labourbonnaise.fr Date de cr\u00e9ation 2010 H\u00e9bergement: OVH adresse: la ville claire 22170 PLOUVARA\u00a0(si\u00e8ge) t\u00e9l\u00e9phone: 02.96.94.92.83 (le soir) et 06.26.80.43.94 N\u00b0 SIRET: 433 953 445 00031 en &hellip; <a class=\"kt-excerpt-readmore\" href=\"https:\/\/labourbonnaise.fr\/index.php\/mentions-legales\/\" aria-label=\"Mentions l\u00e9gales\">Lire la suite<\/a><\/p>\n","protected":false},"author":1,"featured_media":0,"parent":0,"menu_order":0,"comment_status":"open","ping_status":"open","template":"","meta":{"_mc_calendar":[],"footnotes":""},"class_list":["post-529","page","type-page","status-publish","hentry"],"yoast_head":"<!-- This site is optimized with the Yoast SEO plugin v27.4 - https:\/\/yoast.com\/product\/yoast-seo-wordpress\/ -->\n<title>mentions l\u00e9gales location la bourbonnaise.fr, villa les trois bassins 974<\/title>\n<meta name=\"description\" content=\"mentions l\u00e9gales la bourbonnaise. site de location en location saisonni\u00e8re, villa type 5, les trois bassins,\u00eele de la r\u00e9union 974\" \/>\n<meta name=\"robots\" content=\"index, follow, max-snippet:-1, max-image-preview:large, max-video-preview:-1\" \/>\n<link rel=\"canonical\" href=\"https:\/\/labourbonnaise.fr\/index.php\/mentions-legales\/\" \/>\n<meta property=\"og:locale\" content=\"fr_FR\" \/>\n<meta property=\"og:type\" content=\"article\" \/>\n<meta property=\"og:title\" content=\"mentions l\u00e9gales location la bourbonnaise.fr, villa les trois bassins 974\" \/>\n<meta property=\"og:description\" content=\"mentions l\u00e9gales la bourbonnaise. site de location en location saisonni\u00e8re, villa type 5, les trois bassins,\u00eele de la r\u00e9union 974\" \/>\n<meta property=\"og:url\" content=\"https:\/\/labourbonnaise.fr\/index.php\/mentions-legales\/\" \/>\n<meta property=\"og:site_name\" content=\"La Bourbonnaise\" \/>\n<meta name=\"twitter:card\" content=\"summary_large_image\" \/>\n<script type=\"application\/ld+json\" class=\"yoast-schema-graph\">{\"@context\":\"https:\\\/\\\/schema.org\",\"@graph\":[{\"@type\":\"WebPage\",\"@id\":\"https:\\\/\\\/labourbonnaise.fr\\\/index.php\\\/mentions-legales\\\/\",\"url\":\"https:\\\/\\\/labourbonnaise.fr\\\/index.php\\\/mentions-legales\\\/\",\"name\":\"mentions l\u00e9gales location la bourbonnaise.fr, villa les trois bassins 974\",\"isPartOf\":{\"@id\":\"https:\\\/\\\/labourbonnaise.fr\\\/#website\"},\"datePublished\":\"2015-06-16T08:01:39+00:00\",\"description\":\"mentions l\u00e9gales la bourbonnaise. site de location en location saisonni\u00e8re, villa type 5, les trois bassins,\u00eele de la r\u00e9union 974\",\"breadcrumb\":{\"@id\":\"https:\\\/\\\/labourbonnaise.fr\\\/index.php\\\/mentions-legales\\\/#breadcrumb\"},\"inLanguage\":\"fr-FR\",\"potentialAction\":[{\"@type\":\"ReadAction\",\"target\":[\"https:\\\/\\\/labourbonnaise.fr\\\/index.php\\\/mentions-legales\\\/\"]}]},{\"@type\":\"BreadcrumbList\",\"@id\":\"https:\\\/\\\/labourbonnaise.fr\\\/index.php\\\/mentions-legales\\\/#breadcrumb\",\"itemListElement\":[{\"@type\":\"ListItem\",\"position\":1,\"name\":\"Accueil\",\"item\":\"https:\\\/\\\/labourbonnaise.fr\\\/\"},{\"@type\":\"ListItem\",\"position\":2,\"name\":\"Mentions l\u00e9gales\"}]},{\"@type\":\"WebSite\",\"@id\":\"https:\\\/\\\/labourbonnaise.fr\\\/#website\",\"url\":\"https:\\\/\\\/labourbonnaise.fr\\\/\",\"name\":\"La Bourbonnaise\",\"description\":\"Location saisonni\u00e8re\",\"potentialAction\":[{\"@type\":\"SearchAction\",\"target\":{\"@type\":\"EntryPoint\",\"urlTemplate\":\"https:\\\/\\\/labourbonnaise.fr\\\/?s={search_term_string}\"},\"query-input\":{\"@type\":\"PropertyValueSpecification\",\"valueRequired\":true,\"valueName\":\"search_term_string\"}}],\"inLanguage\":\"fr-FR\"}]}<\/script>\n<!-- \/ Yoast SEO plugin. -->","yoast_head_json":{"title":"mentions l\u00e9gales location la bourbonnaise.fr, villa les trois bassins 974","description":"mentions l\u00e9gales la bourbonnaise. site de location en location saisonni\u00e8re, villa type 5, les trois bassins,\u00eele de la r\u00e9union 974","robots":{"index":"index","follow":"follow","max-snippet":"max-snippet:-1","max-image-preview":"max-image-preview:large","max-video-preview":"max-video-preview:-1"},"canonical":"https:\/\/labourbonnaise.fr\/index.php\/mentions-legales\/","og_locale":"fr_FR","og_type":"article","og_title":"mentions l\u00e9gales location la bourbonnaise.fr, villa les trois bassins 974","og_description":"mentions l\u00e9gales la bourbonnaise. site de location en location saisonni\u00e8re, villa type 5, les trois bassins,\u00eele de la r\u00e9union 974","og_url":"https:\/\/labourbonnaise.fr\/index.php\/mentions-legales\/","og_site_name":"La Bourbonnaise","twitter_card":"summary_large_image","schema":{"@context":"https:\/\/schema.org","@graph":[{"@type":"WebPage","@id":"https:\/\/labourbonnaise.fr\/index.php\/mentions-legales\/","url":"https:\/\/labourbonnaise.fr\/index.php\/mentions-legales\/","name":"mentions l\u00e9gales location la bourbonnaise.fr, villa les trois bassins 974","isPartOf":{"@id":"https:\/\/labourbonnaise.fr\/#website"},"datePublished":"2015-06-16T08:01:39+00:00","description":"mentions l\u00e9gales la bourbonnaise. site de location en location saisonni\u00e8re, villa type 5, les trois bassins,\u00eele de la r\u00e9union 974","breadcrumb":{"@id":"https:\/\/labourbonnaise.fr\/index.php\/mentions-legales\/#breadcrumb"},"inLanguage":"fr-FR","potentialAction":[{"@type":"ReadAction","target":["https:\/\/labourbonnaise.fr\/index.php\/mentions-legales\/"]}]},{"@type":"BreadcrumbList","@id":"https:\/\/labourbonnaise.fr\/index.php\/mentions-legales\/#breadcrumb","itemListElement":[{"@type":"ListItem","position":1,"name":"Accueil","item":"https:\/\/labourbonnaise.fr\/"},{"@type":"ListItem","position":2,"name":"Mentions l\u00e9gales"}]},{"@type":"WebSite","@id":"https:\/\/labourbonnaise.fr\/#website","url":"https:\/\/labourbonnaise.fr\/","name":"La Bourbonnaise","description":"Location saisonni\u00e8re","potentialAction":[{"@type":"SearchAction","target":{"@type":"EntryPoint","urlTemplate":"https:\/\/labourbonnaise.fr\/?s={search_term_string}"},"query-input":{"@type":"PropertyValueSpecification","valueRequired":true,"valueName":"search_term_string"}}],"inLanguage":"fr-FR"}]}},"_links":{"self":[{"href":"https:\/\/labourbonnaise.fr\/index.php\/wp-json\/wp\/v2\/pages\/529","targetHints":{"allow":["GET"]}}],"collection":[{"href":"https:\/\/labourbonnaise.fr\/index.php\/wp-json\/wp\/v2\/pages"}],"about":[{"href":"https:\/\/labourbonnaise.fr\/index.php\/wp-json\/wp\/v2\/types\/page"}],"author":[{"embeddable":true,"href":"https:\/\/labourbonnaise.fr\/index.php\/wp-json\/wp\/v2\/users\/1"}],"replies":[{"embeddable":true,"href":"https:\/\/labourbonnaise.fr\/index.php\/wp-json\/wp\/v2\/comments?post=529"}],"version-history":[{"count":0,"href":"https:\/\/labourbonnaise.fr\/index.php\/wp-json\/wp\/v2\/pages\/529\/revisions"}],"wp:attachment":[{"href":"https:\/\/labourbonnaise.fr\/index.php\/wp-json\/wp\/v2\/media?parent=529"}],"curies":[{"name":"wp","href":"https:\/\/api.w.org\/{rel}","templated":true}]}}