{"id":527,"date":"2015-06-16T08:59:17","date_gmt":"2015-06-16T07:59:17","guid":{"rendered":"http:\/\/ethnicom-projet1.fr\/vannesg1\/stagiaire7\/?page_id=527"},"modified":"2015-06-16T08:59:17","modified_gmt":"2015-06-16T07:59:17","slug":"plan-du-site","status":"publish","type":"page","link":"https:\/\/labourbonnaise.fr\/index.php\/plan-du-site\/","title":{"rendered":"Plan du site"},"content":{"rendered":"<div class=\"wsp-container\"><h2 class=\"wsp-pages-title\">Pages<\/h2>\n<ul class=\"wsp-pages-list\">\n<li class=\"page_item page-item-311\"><a href=\"https:\/\/labourbonnaise.fr\/index.php\/commodites-location\/\">Commodit\u00e9s<\/a><\/li>\n<li class=\"page_item page-item-533\"><a href=\"https:\/\/labourbonnaise.fr\/index.php\/conditions-generales-de-vente\/\">Conditions g\u00e9n\u00e9rales de vente<\/a><\/li>\n<li class=\"page_item page-item-778\"><a href=\"https:\/\/labourbonnaise.fr\/index.php\/my-calendar\/\">Contact et r\u00e9servation<\/a><\/li>\n<li class=\"page_item page-item-601\"><a href=\"https:\/\/labourbonnaise.fr\/index.php\/decouverte-commodite-html\/\">decouverte-commodite.html<\/a><\/li>\n<li class=\"page_item page-item-603\"><a href=\"https:\/\/labourbonnaise.fr\/index.php\/decouverte-environnement-htmldecouverte-environnement-html\/\">decouverte-environnement.html<\/a><\/li>\n<li class=\"page_item page-item-605\"><a href=\"https:\/\/labourbonnaise.fr\/index.php\/decouverte-lile-html\/\">decouverte-lile.html<\/a><\/li>\n<li class=\"page_item page-item-314\"><a href=\"https:\/\/labourbonnaise.fr\/index.php\/environnement\/\">Environnement<\/a><\/li>\n<li class=\"page_item page-item-320\"><a href=\"https:\/\/labourbonnaise.fr\/index.php\/exterieur-de-la-location\/\">Ext\u00e9rieur<\/a><\/li>\n<li class=\"page_item page-item-334\"><a href=\"https:\/\/labourbonnaise.fr\/index.php\/festivites\/\">Festivit\u00e9<\/a><\/li>\n<li class=\"page_item page-item-1501\"><a href=\"https:\/\/labourbonnaise.fr\/index.php\/infos\/\">INFOS +<\/a><\/li>\n<li class=\"page_item page-item-450\"><a href=\"https:\/\/labourbonnaise.fr\/index.php\/location-interieur\/\">Int\u00e9rieur<\/a><\/li>\n<li class=\"page_item page-item-611 page_item_has_children\"><a href=\"https:\/\/labourbonnaise.fr\/index.php\/localisation-location-vacances-ile-de-la-reunion-html\/\">localisation-location-vacances-ile-de-la-reunion.html<\/a>\n<ul class='children'>\n\t<li class=\"page_item page-item-307 page_item_has_children\"><a href=\"https:\/\/labourbonnaise.fr\/\">Bienvenue \u00e0 \u00ab\u00a0la Bourbonnaise\u00a0\u00bb Location saisonni\u00e8re, \u00eele de la r\u00e9union-accueil<\/a>\n\t<ul class='children'>\n\t\t<li class=\"page_item page-item-969\"><a href=\"https:\/\/labourbonnaise.fr\/index.php\/localisation-location-vacances-ile-de-la-reunion-html\/location\/appreciations\/\">Appr\u00e9ciations<\/a><\/li>\n\t\t<li class=\"page_item page-item-317\"><a href=\"https:\/\/labourbonnaise.fr\/index.php\/localisation-location-vacances-ile-de-la-reunion-html\/location\/histoire-de-la-reunion\/\">histoire de la r\u00e9union<\/a><\/li>\n\t<\/ul>\n<\/li>\n<\/ul>\n<\/li>\n<li class=\"page_item page-item-529\"><a href=\"https:\/\/labourbonnaise.fr\/index.php\/mentions-legales\/\">Mentions l\u00e9gales<\/a><\/li>\n<li class=\"page_item page-item-527\"><a href=\"https:\/\/labourbonnaise.fr\/index.php\/plan-du-site\/\">Plan du site<\/a><\/li>\n<li class=\"page_item page-item-1484\"><a href=\"https:\/\/labourbonnaise.fr\/index.php\/politique-de-confidentialite-2\/\">Politique de confidentialit\u00e9<\/a><\/li>\n<li class=\"page_item page-item-607\"><a href=\"https:\/\/labourbonnaise.fr\/index.php\/presentation-exterieur-html\/\">presentation-exterieur.html<\/a><\/li>\n<li class=\"page_item page-item-609\"><a href=\"https:\/\/labourbonnaise.fr\/index.php\/presentation-interieur-html\/\">presentation-interieur.html<\/a><\/li>\n<\/ul>\n<h2 class=\"wsp-posts-title\">Articles par cat\u00e9gorie<\/h2>\n<ul class=\"wsp-posts-list\">\n\t<li><strong class=\"wsp-category-title\">Cat\u00e9gorie\u00a0: <a href=\"https:\/\/labourbonnaise.fr\/index.php\/category\/actualites\/\">Actualit\u00e9s<\/a><\/strong>\n<ul class=\"wsp-posts-list\">\t\t<li class=\"wsp-post\"><a href=\"https:\/\/labourbonnaise.fr\/index.php\/2023\/06\/19\/cyclone\/\">Cyclone<\/a><\/li>\n\t\t<li class=\"wsp-post\"><a href=\"https:\/\/labourbonnaise.fr\/index.php\/2022\/12\/01\/perturbation-de-site-la-bourbonnaise\/\">Perturbation du site!<\/a><\/li>\n\t\t<li class=\"wsp-post\"><a href=\"https:\/\/labourbonnaise.fr\/index.php\/2019\/10\/16\/les-moustiques\/\">Les moustiques<\/a><\/li>\n\t\t<li class=\"wsp-post\"><a href=\"https:\/\/labourbonnaise.fr\/index.php\/2019\/05\/15\/plage-et-requins\/\">Plage et Requins&#8230;<\/a><\/li>\n\t\t<li class=\"wsp-post\"><a href=\"https:\/\/labourbonnaise.fr\/index.php\/2019\/03\/13\/cari-doeufs\/\">Cari d\u2019\u0153ufs<\/a><\/li>\n\t\t<li class=\"wsp-post\"><a href=\"https:\/\/labourbonnaise.fr\/index.php\/2019\/02\/20\/faune-et-flore\/\">Faune et flore<\/a><\/li>\n\t\t<li class=\"wsp-post\"><a href=\"https:\/\/labourbonnaise.fr\/index.php\/2016\/04\/20\/les-musees\/\">Les Mus\u00e9es<\/a><\/li>\n\t\t<li class=\"wsp-post\"><a href=\"https:\/\/labourbonnaise.fr\/index.php\/2015\/10\/16\/fruits-de-saisons\/\">Fruits de saisons<\/a><\/li>\n\t\t<li class=\"wsp-post\"><a href=\"https:\/\/labourbonnaise.fr\/index.php\/2015\/08\/06\/recette-rougail-saucisses\/\">Recette du rougail saucisses<\/a><\/li>\n\t\t<li class=\"wsp-post\"><a href=\"https:\/\/labourbonnaise.fr\/index.php\/2015\/06\/17\/festivites-vacances\/\">Festivit\u00e9s pour vos vacances<\/a><\/li>\n\t\t<li class=\"wsp-post\"><a href=\"https:\/\/labourbonnaise.fr\/index.php\/2015\/06\/03\/gastronomieproduits-locaux\/\">Gastronomie, produits locaux<\/a><\/li>\n\t<li><strong class=\"wsp-category-title\">Cat\u00e9gorie\u00a0: <a href=\"https:\/\/labourbonnaise.fr\/index.php\/category\/actualites\/culturelles\/\">Culturelles<\/a><\/strong>\n<\/li>\n\t<li><strong class=\"wsp-category-title\">Cat\u00e9gorie\u00a0: <a href=\"https:\/\/labourbonnaise.fr\/index.php\/category\/actualites\/gastronomie-gastronomie\/\">Gastronomie<\/a><\/strong>\n<\/li>\n<\/ul><\/li>\n\t<li><strong class=\"wsp-category-title\">Cat\u00e9gorie\u00a0: <a href=\"https:\/\/labourbonnaise.fr\/index.php\/category\/histoire-de-la-reunion\/\">histoire de la R\u00e9union<\/a><\/strong>\n<\/li>\n\t<li><strong class=\"wsp-category-title\">Cat\u00e9gorie\u00a0: <a href=\"https:\/\/labourbonnaise.fr\/index.php\/category\/infos\/\">infos +<\/a><\/strong>\n<\/li>\n<\/ul>\n<h2 class=\"wsp-mc-eventss-title\">\u00c9v\u00e8nements<\/h2>\n<ul class=\"wsp-mc-eventss-list\">\n<li><a href=\"https:\/\/labourbonnaise.fr\/index.php\/mc-events\/reserve-11\/\">r\u00e9serv\u00e9<\/a><\/li>\n<li><a href=\"https:\/\/labourbonnaise.fr\/index.php\/mc-events\/reserve-mr-cheynet\/\">R\u00e9serv\u00e9  Mr CHEYNET<\/a><\/li>\n<li><a href=\"https:\/\/labourbonnaise.fr\/index.php\/mc-events\/reserve-mme-weber\/\">R\u00e9serv\u00e9 Mme weber<\/a><\/li>\n<li><a href=\"https:\/\/labourbonnaise.fr\/index.php\/mc-events\/reserve-durupty\/\">R\u00e9serv\u00e9 Durupty<\/a><\/li>\n<li><a href=\"https:\/\/labourbonnaise.fr\/index.php\/mc-events\/reserve-mmecandalen\/\">R\u00e9serv\u00e9 MmeCANDALEN<\/a><\/li>\n<li><a href=\"https:\/\/labourbonnaise.fr\/index.php\/mc-events\/reserve-mr-hoareau\/\">r\u00e9serv\u00e9 Mr Hoareau<\/a><\/li>\n<li><a href=\"https:\/\/labourbonnaise.fr\/index.php\/mc-events\/reserve-mr-pangrazi\/\">R\u00e9serv\u00e9 Mr Pangrazi<\/a><\/li>\n<li><a href=\"https:\/\/labourbonnaise.fr\/index.php\/mc-events\/reserve-mr-pichot\/\">R\u00e9serv\u00e9 Mr PICHOT<\/a><\/li>\n<li><a href=\"https:\/\/labourbonnaise.fr\/index.php\/mc-events\/reserve-mme-tetu\/\">R\u00e9serv\u00e9 Mme T\u00e9tu<\/a><\/li>\n<li><a href=\"https:\/\/labourbonnaise.fr\/index.php\/mc-events\/reserve-mme-borrego\/\">R\u00e9serv\u00e9 Mme Borrego<\/a><\/li>\n<li><a href=\"https:\/\/labourbonnaise.fr\/index.php\/mc-events\/reserve-mme-guitiere\/\">R\u00e9serv\u00e9 Mme Guiti\u00e8re<\/a><\/li>\n<li><a href=\"https:\/\/labourbonnaise.fr\/index.php\/mc-events\/reserve-8\/\">R\u00e9serv\u00e9<\/a><\/li>\n<li><a href=\"https:\/\/labourbonnaise.fr\/index.php\/mc-events\/reserve-marion\/\">r\u00e9serv\u00e9 Marion<\/a><\/li>\n<li><a href=\"https:\/\/labourbonnaise.fr\/index.php\/mc-events\/reserve-mme-millet\/\">R\u00e9serv\u00e9 Mme Millet<\/a><\/li>\n<li><a href=\"https:\/\/labourbonnaise.fr\/index.php\/mc-events\/reserve-mr-redeau\/\">R\u00e9serv\u00e9 Mr REDEAU<\/a><\/li>\n<li><a href=\"https:\/\/labourbonnaise.fr\/index.php\/mc-events\/reserve-9\/\">r\u00e9serv\u00e9<\/a><\/li>\n<li><a href=\"https:\/\/labourbonnaise.fr\/index.php\/mc-events\/reserve-mr-thery\/\">r\u00e9serv\u00e9 MR THERY<\/a><\/li>\n<li><a href=\"https:\/\/labourbonnaise.fr\/index.php\/mc-events\/reserve-7\/\">R\u00e9serv\u00e9<\/a><\/li>\n<li><a href=\"https:\/\/labourbonnaise.fr\/index.php\/mc-events\/reserve-6\/\">R\u00e9serv\u00e9<\/a><\/li>\n<li><a href=\"https:\/\/labourbonnaise.fr\/index.php\/mc-events\/reserve-5\/\">R\u00e9serv\u00e9<\/a><\/li>\n<li><a href=\"https:\/\/labourbonnaise.fr\/index.php\/mc-events\/reserve-10\/\">R\u00e9serv\u00e9<\/a><\/li>\n<li><a href=\"https:\/\/labourbonnaise.fr\/index.php\/mc-events\/reserve-4\/\">R\u00e9serv\u00e9<\/a><\/li>\n<li><a href=\"https:\/\/labourbonnaise.fr\/index.php\/mc-events\/reserve-3\/\">R\u00e9serv\u00e9<\/a><\/li>\n<li><a href=\"https:\/\/labourbonnaise.fr\/index.php\/mc-events\/reserve-2\/\">R\u00e9serv\u00e9<\/a><\/li>\n<li><a href=\"https:\/\/labourbonnaise.fr\/index.php\/mc-events\/reserve\/\">r\u00e9serv\u00e9<\/a><\/li>\n<li><a href=\"https:\/\/labourbonnaise.fr\/index.php\/mc-events\/demo-florence-price-symphony-no-3-in-c-minor\/\">Demo: Florence Price: Symphony No. 3 in c minor<\/a><\/li>\n<\/ul>\n<h2 class=\"wsp-mc-locationss-title\">Lieux<\/h2>\n<ul class=\"wsp-mc-locationss-list\">\n<li><a href=\"https:\/\/labourbonnaise.fr\/index.php\/mc-locations\/demo-minnesota-orchestra\/\">Demo: Minnesota Orchestra<\/a><\/li>\n<\/ul>\n<h2 class=\"wsp-mc-event-categorys-title\">Cat\u00e9gories d\u2019\u00e9v\u00e8nement<\/h2>\n<ul class=\"wsp-mc-event-categorys-list\">\n<li><a href=\"https:\/\/labourbonnaise.fr\/index.php\/mc-event-category\/general\/\">General<\/a><\/li>\n<\/ul>\n<h2 class=\"wsp-mc-location-accesss-title\">Accessibilit\u00e9 du lieu<\/h2>\n<ul class=\"wsp-mc-location-accesss-list\">\n<li><a href=\"https:\/\/labourbonnaise.fr\/index.php\/mc-location-access\/acces-en-ascenseur-a-toutes-les-zones-publiques\/\">Acc\u00e8s en ascenseur \u00e0 toutes les zones publiques<\/a><\/li>\n<li><a href=\"https:\/\/labourbonnaise.fr\/index.php\/mc-location-access\/accessible-en-chaise-roulante\/\">Accessible en chaise roulante<\/a><\/li>\n<li><a href=\"https:\/\/labourbonnaise.fr\/index.php\/mc-location-access\/entree-accessible-a-tous\/\">Entr\u00e9e accessible \u00e0 tous<\/a><\/li>\n<li><a href=\"https:\/\/labourbonnaise.fr\/index.php\/mc-location-access\/siege-adapte-a-tous\/\">Si\u00e8ge adapt\u00e9 \u00e0 tous<\/a><\/li>\n<li><a href=\"https:\/\/labourbonnaise.fr\/index.php\/mc-location-access\/siege-bariatrique-disponible\/\">Si\u00e8ge bariatrique disponible<\/a><\/li>\n<li><a href=\"https:\/\/labourbonnaise.fr\/index.php\/mc-location-access\/stationnement-reserve\/\">Stationnement r\u00e9serv\u00e9<\/a><\/li>\n<li><a href=\"https:\/\/labourbonnaise.fr\/index.php\/mc-location-access\/toilettes-accessibles-a-tous\/\">Toilettes accessibles \u00e0 tous<\/a><\/li>\n<\/ul>\n<\/div>\n","protected":false},"excerpt":{"rendered":"Pages Commodit\u00e9s Conditions g\u00e9n\u00e9rales de vente Contact et r\u00e9servation decouverte-commodite.html decouverte-environnement.html decouverte-lile.html Environnement Ext\u00e9rieur Festivit\u00e9 INFOS + Int\u00e9rieur localisation-location-vacances-ile-de-la-reunion.html Bienvenue \u00e0 \u00ab\u00a0la Bourbonnaise\u00a0\u00bb Location saisonni\u00e8re, \u00eele de la r\u00e9union-accueil Appr\u00e9ciations histoire de la r\u00e9union Mentions l\u00e9gales Plan du site Politique &hellip; <a class=\"kt-excerpt-readmore\" href=\"https:\/\/labourbonnaise.fr\/index.php\/plan-du-site\/\" aria-label=\"Plan du site\">Lire la suite<\/a>","protected":false},"author":1,"featured_media":0,"parent":0,"menu_order":0,"comment_status":"open","ping_status":"open","template":"","meta":{"_mc_calendar":[],"footnotes":""},"class_list":["post-527","page","type-page","status-publish","hentry"],"yoast_head":"<!-- This site is optimized with the Yoast SEO plugin v27.4 - https:\/\/yoast.com\/product\/yoast-seo-wordpress\/ -->\n<title>Plan du site - La Bourbonnaise<\/title>\n<meta name=\"robots\" content=\"index, follow, max-snippet:-1, max-image-preview:large, max-video-preview:-1\" \/>\n<link rel=\"canonical\" href=\"https:\/\/labourbonnaise.fr\/index.php\/plan-du-site\/\" \/>\n<meta property=\"og:locale\" content=\"fr_FR\" \/>\n<meta property=\"og:type\" content=\"article\" \/>\n<meta property=\"og:title\" content=\"Plan du site - La Bourbonnaise\" \/>\n<meta property=\"og:url\" content=\"https:\/\/labourbonnaise.fr\/index.php\/plan-du-site\/\" \/>\n<meta property=\"og:site_name\" content=\"La Bourbonnaise\" \/>\n<meta name=\"twitter:card\" content=\"summary_large_image\" \/>\n<script type=\"application\/ld+json\" class=\"yoast-schema-graph\">{\"@context\":\"https:\\\/\\\/schema.org\",\"@graph\":[{\"@type\":\"WebPage\",\"@id\":\"https:\\\/\\\/labourbonnaise.fr\\\/index.php\\\/plan-du-site\\\/\",\"url\":\"https:\\\/\\\/labourbonnaise.fr\\\/index.php\\\/plan-du-site\\\/\",\"name\":\"Plan du site - La Bourbonnaise\",\"isPartOf\":{\"@id\":\"https:\\\/\\\/labourbonnaise.fr\\\/#website\"},\"datePublished\":\"2015-06-16T07:59:17+00:00\",\"breadcrumb\":{\"@id\":\"https:\\\/\\\/labourbonnaise.fr\\\/index.php\\\/plan-du-site\\\/#breadcrumb\"},\"inLanguage\":\"fr-FR\",\"potentialAction\":[{\"@type\":\"ReadAction\",\"target\":[\"https:\\\/\\\/labourbonnaise.fr\\\/index.php\\\/plan-du-site\\\/\"]}]},{\"@type\":\"BreadcrumbList\",\"@id\":\"https:\\\/\\\/labourbonnaise.fr\\\/index.php\\\/plan-du-site\\\/#breadcrumb\",\"itemListElement\":[{\"@type\":\"ListItem\",\"position\":1,\"name\":\"Accueil\",\"item\":\"https:\\\/\\\/labourbonnaise.fr\\\/\"},{\"@type\":\"ListItem\",\"position\":2,\"name\":\"Plan du site\"}]},{\"@type\":\"WebSite\",\"@id\":\"https:\\\/\\\/labourbonnaise.fr\\\/#website\",\"url\":\"https:\\\/\\\/labourbonnaise.fr\\\/\",\"name\":\"La Bourbonnaise\",\"description\":\"Location saisonni\u00e8re\",\"potentialAction\":[{\"@type\":\"SearchAction\",\"target\":{\"@type\":\"EntryPoint\",\"urlTemplate\":\"https:\\\/\\\/labourbonnaise.fr\\\/?s={search_term_string}\"},\"query-input\":{\"@type\":\"PropertyValueSpecification\",\"valueRequired\":true,\"valueName\":\"search_term_string\"}}],\"inLanguage\":\"fr-FR\"}]}<\/script>\n<!-- \/ Yoast SEO plugin. -->","yoast_head_json":{"title":"Plan du site - La Bourbonnaise","robots":{"index":"index","follow":"follow","max-snippet":"max-snippet:-1","max-image-preview":"max-image-preview:large","max-video-preview":"max-video-preview:-1"},"canonical":"https:\/\/labourbonnaise.fr\/index.php\/plan-du-site\/","og_locale":"fr_FR","og_type":"article","og_title":"Plan du site - La Bourbonnaise","og_url":"https:\/\/labourbonnaise.fr\/index.php\/plan-du-site\/","og_site_name":"La Bourbonnaise","twitter_card":"summary_large_image","schema":{"@context":"https:\/\/schema.org","@graph":[{"@type":"WebPage","@id":"https:\/\/labourbonnaise.fr\/index.php\/plan-du-site\/","url":"https:\/\/labourbonnaise.fr\/index.php\/plan-du-site\/","name":"Plan du site - La Bourbonnaise","isPartOf":{"@id":"https:\/\/labourbonnaise.fr\/#website"},"datePublished":"2015-06-16T07:59:17+00:00","breadcrumb":{"@id":"https:\/\/labourbonnaise.fr\/index.php\/plan-du-site\/#breadcrumb"},"inLanguage":"fr-FR","potentialAction":[{"@type":"ReadAction","target":["https:\/\/labourbonnaise.fr\/index.php\/plan-du-site\/"]}]},{"@type":"BreadcrumbList","@id":"https:\/\/labourbonnaise.fr\/index.php\/plan-du-site\/#breadcrumb","itemListElement":[{"@type":"ListItem","position":1,"name":"Accueil","item":"https:\/\/labourbonnaise.fr\/"},{"@type":"ListItem","position":2,"name":"Plan du site"}]},{"@type":"WebSite","@id":"https:\/\/labourbonnaise.fr\/#website","url":"https:\/\/labourbonnaise.fr\/","name":"La Bourbonnaise","description":"Location saisonni\u00e8re","potentialAction":[{"@type":"SearchAction","target":{"@type":"EntryPoint","urlTemplate":"https:\/\/labourbonnaise.fr\/?s={search_term_string}"},"query-input":{"@type":"PropertyValueSpecification","valueRequired":true,"valueName":"search_term_string"}}],"inLanguage":"fr-FR"}]}},"_links":{"self":[{"href":"https:\/\/labourbonnaise.fr\/index.php\/wp-json\/wp\/v2\/pages\/527","targetHints":{"allow":["GET"]}}],"collection":[{"href":"https:\/\/labourbonnaise.fr\/index.php\/wp-json\/wp\/v2\/pages"}],"about":[{"href":"https:\/\/labourbonnaise.fr\/index.php\/wp-json\/wp\/v2\/types\/page"}],"author":[{"embeddable":true,"href":"https:\/\/labourbonnaise.fr\/index.php\/wp-json\/wp\/v2\/users\/1"}],"replies":[{"embeddable":true,"href":"https:\/\/labourbonnaise.fr\/index.php\/wp-json\/wp\/v2\/comments?post=527"}],"version-history":[{"count":0,"href":"https:\/\/labourbonnaise.fr\/index.php\/wp-json\/wp\/v2\/pages\/527\/revisions"}],"wp:attachment":[{"href":"https:\/\/labourbonnaise.fr\/index.php\/wp-json\/wp\/v2\/media?parent=527"}],"curies":[{"name":"wp","href":"https:\/\/api.w.org\/{rel}","templated":true}]}}