{"id":334,"date":"2015-06-03T10:49:14","date_gmt":"2015-06-03T09:49:14","guid":{"rendered":"http:\/\/ethnicom-projet1.fr\/vannesg1\/stagiaire7\/?page_id=334"},"modified":"2023-02-24T14:39:07","modified_gmt":"2023-02-24T13:39:07","slug":"festivites","status":"publish","type":"page","link":"https:\/\/labourbonnaise.fr\/index.php\/festivites\/","title":{"rendered":"Festivit\u00e9"},"content":{"rendered":"<h2>Festivit\u00e9s:&nbsp;vacances \u00e0 la r\u00e9union:<\/h2>\n<h3>Vos festivit\u00e9s:<\/h3>\n<p><strong>Juin:<\/strong><\/p>\n<ul>\n<li style=\"text-align: justify;\">Le festival \u00ab\u00a0sakifo \u00ab\u00a0&#8230; est un festival culturel local avec des artistes locaux et internationaux (St-Pierre) A VOIR&#8230;<\/li>\n<\/ul>\n<p><strong>Juillet:<br \/>\n<\/strong><\/p>\n<ul>\n<li>Marche sur le feu (Ste-Rose ravine glissante),<\/li>\n<li>F\u00eate nationale,<\/li>\n<li>Fait main (parc des expositions St-DENIS <em>artisanat<\/em>),<\/li>\n<li>Rando gadiamb (randonn\u00e9e en montagne),<\/li>\n<li>Foire aux agrumes (petite \u00eele),<\/li>\n<li>\u00c9nergie nature (st-Benoit),<\/li>\n<\/ul>\n<p style=\"text-align: justify;\"><strong>&nbsp;Aout:<\/strong><\/p>\n<ul style=\"text-align: justify;\">\n<li>La f\u00eate du vac\u00f6a et palmiste, \u00e0 Vincendo commune de St-Philippe, c&rsquo;est une f\u00eate locale ou l&rsquo;on retrouve des artisans qui tressent et vendent de l&rsquo;artisanat, paniers en tout genre , lustres et objets d\u00e9co en tressage avec du vac\u00f6a (arbre local), \u00e9pices et divers produits locaux, (possibilit\u00e9 de repas sur place), il y a \u00e9galement des man\u00e8ges pour occuper les enfants &#8230;<\/li>\n<\/ul>\n<p style=\"text-align: justify;\"><strong>Puis toute l&rsquo;ann\u00e9e:<\/strong><\/p>\n<p style=\"text-align: justify;\">A voir \u00e9galement le march\u00e9 forain sur la commune de ST-PAUL en bord de mer, ce grand march\u00e9 a lieu tous les vendredis et samedi.<\/p>\n<p style=\"text-align: justify;\">Id\u00e9ale pour vos cadeaux souvenirs et \u00e9pices (surtout le vendredi).<\/p>\n<p style=\"text-align: justify;\">Attention ! Ne pas pr\u00e9voir de produits locaux (frais) ou liquide pour vos bagages \u00e0 mains, vous risqueriez de vous les faire saisir \u00e0 l&#8217;embarquement, ils sont vendus&nbsp;d\u00e9douan\u00e9s \u00e0 l&rsquo;a\u00e9roport .<\/p>\n<p style=\"text-align: justify;\">\n<p style=\"text-align: justify;\"><strong>pi\u00e8ges \u00e0 \u00e9viter:<\/strong><\/p>\n<p style=\"text-align: justify;\"><strong>A savoir !<br \/>\n<\/strong><\/p>\n<p>Les plans de fleurs et plantes sont interdites \u00e0 l&rsquo;exportation (amendes importantes).<\/p>\n","protected":false},"excerpt":{"rendered":"<p>Festivit\u00e9s:&nbsp;vacances \u00e0 la r\u00e9union: Vos festivit\u00e9s: Juin: Le festival \u00ab\u00a0sakifo \u00ab\u00a0&#8230; est un festival culturel local avec des artistes locaux et internationaux (St-Pierre) A VOIR&#8230; Juillet: Marche sur le feu (Ste-Rose ravine glissante), F\u00eate nationale, Fait main (parc des expositions &hellip; <a class=\"kt-excerpt-readmore\" href=\"https:\/\/labourbonnaise.fr\/index.php\/festivites\/\" aria-label=\"Festivit\u00e9\">Lire la suite<\/a><\/p>\n","protected":false},"author":1,"featured_media":1858,"parent":0,"menu_order":0,"comment_status":"open","ping_status":"open","template":"","meta":{"_mc_calendar":[],"footnotes":""},"class_list":["post-334","page","type-page","status-publish","has-post-thumbnail","hentry"],"yoast_head":"<!-- This site is optimized with the Yoast SEO plugin v27.4 - https:\/\/yoast.com\/product\/yoast-seo-wordpress\/ -->\n<title>festivit\u00e9s: vacances \u00e0 la r\u00e9union, les dates et lieu des festivit\u00e9s<\/title>\n<meta name=\"description\" content=\"Festivit\u00e9s,:vacances R\u00e9union, calendrier des festivit\u00e9s, visites, accueil et f\u00eate locale culturelle. les dates et les lieux.\" \/>\n<meta name=\"robots\" content=\"index, follow, max-snippet:-1, max-image-preview:large, max-video-preview:-1\" \/>\n<link rel=\"canonical\" href=\"https:\/\/labourbonnaise.fr\/index.php\/festivites\/\" \/>\n<meta property=\"og:locale\" content=\"fr_FR\" \/>\n<meta property=\"og:type\" content=\"article\" \/>\n<meta property=\"og:title\" content=\"festivit\u00e9s: vacances \u00e0 la r\u00e9union, les dates et lieu des festivit\u00e9s\" \/>\n<meta property=\"og:description\" content=\"Festivit\u00e9s,:vacances R\u00e9union, calendrier des festivit\u00e9s, visites, accueil et f\u00eate locale culturelle. les dates et les lieux.\" \/>\n<meta property=\"og:url\" content=\"https:\/\/labourbonnaise.fr\/index.php\/festivites\/\" \/>\n<meta property=\"og:site_name\" content=\"La Bourbonnaise\" \/>\n<meta property=\"article:modified_time\" content=\"2023-02-24T13:39:07+00:00\" \/>\n<meta property=\"og:image\" content=\"https:\/\/labourbonnaise.fr\/wp-content\/uploads\/2023\/02\/danseuse-sega.png\" \/>\n\t<meta property=\"og:image:width\" content=\"640\" \/>\n\t<meta property=\"og:image:height\" content=\"640\" \/>\n\t<meta property=\"og:image:type\" content=\"image\/png\" \/>\n<meta name=\"twitter:card\" content=\"summary_large_image\" \/>\n<meta name=\"twitter:label1\" content=\"Dur\u00e9e de lecture estim\u00e9e\" \/>\n\t<meta name=\"twitter:data1\" content=\"2 minutes\" \/>\n<script type=\"application\/ld+json\" class=\"yoast-schema-graph\">{\"@context\":\"https:\\\/\\\/schema.org\",\"@graph\":[{\"@type\":\"WebPage\",\"@id\":\"https:\\\/\\\/labourbonnaise.fr\\\/index.php\\\/festivites\\\/\",\"url\":\"https:\\\/\\\/labourbonnaise.fr\\\/index.php\\\/festivites\\\/\",\"name\":\"festivit\u00e9s: vacances \u00e0 la r\u00e9union, les dates et lieu des festivit\u00e9s\",\"isPartOf\":{\"@id\":\"https:\\\/\\\/labourbonnaise.fr\\\/#website\"},\"primaryImageOfPage\":{\"@id\":\"https:\\\/\\\/labourbonnaise.fr\\\/index.php\\\/festivites\\\/#primaryimage\"},\"image\":{\"@id\":\"https:\\\/\\\/labourbonnaise.fr\\\/index.php\\\/festivites\\\/#primaryimage\"},\"thumbnailUrl\":\"https:\\\/\\\/labourbonnaise.fr\\\/wp-content\\\/uploads\\\/2023\\\/02\\\/danseuse-sega.png\",\"datePublished\":\"2015-06-03T09:49:14+00:00\",\"dateModified\":\"2023-02-24T13:39:07+00:00\",\"description\":\"Festivit\u00e9s,:vacances R\u00e9union, calendrier des festivit\u00e9s, visites, accueil et f\u00eate locale culturelle. les dates et les lieux.\",\"breadcrumb\":{\"@id\":\"https:\\\/\\\/labourbonnaise.fr\\\/index.php\\\/festivites\\\/#breadcrumb\"},\"inLanguage\":\"fr-FR\",\"potentialAction\":[{\"@type\":\"ReadAction\",\"target\":[\"https:\\\/\\\/labourbonnaise.fr\\\/index.php\\\/festivites\\\/\"]}]},{\"@type\":\"ImageObject\",\"inLanguage\":\"fr-FR\",\"@id\":\"https:\\\/\\\/labourbonnaise.fr\\\/index.php\\\/festivites\\\/#primaryimage\",\"url\":\"https:\\\/\\\/labourbonnaise.fr\\\/wp-content\\\/uploads\\\/2023\\\/02\\\/danseuse-sega.png\",\"contentUrl\":\"https:\\\/\\\/labourbonnaise.fr\\\/wp-content\\\/uploads\\\/2023\\\/02\\\/danseuse-sega.png\",\"width\":640,\"height\":640},{\"@type\":\"BreadcrumbList\",\"@id\":\"https:\\\/\\\/labourbonnaise.fr\\\/index.php\\\/festivites\\\/#breadcrumb\",\"itemListElement\":[{\"@type\":\"ListItem\",\"position\":1,\"name\":\"Accueil\",\"item\":\"https:\\\/\\\/labourbonnaise.fr\\\/\"},{\"@type\":\"ListItem\",\"position\":2,\"name\":\"Festivit\u00e9\"}]},{\"@type\":\"WebSite\",\"@id\":\"https:\\\/\\\/labourbonnaise.fr\\\/#website\",\"url\":\"https:\\\/\\\/labourbonnaise.fr\\\/\",\"name\":\"La Bourbonnaise\",\"description\":\"Location saisonni\u00e8re\",\"potentialAction\":[{\"@type\":\"SearchAction\",\"target\":{\"@type\":\"EntryPoint\",\"urlTemplate\":\"https:\\\/\\\/labourbonnaise.fr\\\/?s={search_term_string}\"},\"query-input\":{\"@type\":\"PropertyValueSpecification\",\"valueRequired\":true,\"valueName\":\"search_term_string\"}}],\"inLanguage\":\"fr-FR\"}]}<\/script>\n<!-- \/ Yoast SEO plugin. -->","yoast_head_json":{"title":"festivit\u00e9s: vacances \u00e0 la r\u00e9union, les dates et lieu des festivit\u00e9s","description":"Festivit\u00e9s,:vacances R\u00e9union, calendrier des festivit\u00e9s, visites, accueil et f\u00eate locale culturelle. les dates et les lieux.","robots":{"index":"index","follow":"follow","max-snippet":"max-snippet:-1","max-image-preview":"max-image-preview:large","max-video-preview":"max-video-preview:-1"},"canonical":"https:\/\/labourbonnaise.fr\/index.php\/festivites\/","og_locale":"fr_FR","og_type":"article","og_title":"festivit\u00e9s: vacances \u00e0 la r\u00e9union, les dates et lieu des festivit\u00e9s","og_description":"Festivit\u00e9s,:vacances R\u00e9union, calendrier des festivit\u00e9s, visites, accueil et f\u00eate locale culturelle. les dates et les lieux.","og_url":"https:\/\/labourbonnaise.fr\/index.php\/festivites\/","og_site_name":"La Bourbonnaise","article_modified_time":"2023-02-24T13:39:07+00:00","og_image":[{"width":640,"height":640,"url":"https:\/\/labourbonnaise.fr\/wp-content\/uploads\/2023\/02\/danseuse-sega.png","type":"image\/png"}],"twitter_card":"summary_large_image","twitter_misc":{"Dur\u00e9e de lecture estim\u00e9e":"2 minutes"},"schema":{"@context":"https:\/\/schema.org","@graph":[{"@type":"WebPage","@id":"https:\/\/labourbonnaise.fr\/index.php\/festivites\/","url":"https:\/\/labourbonnaise.fr\/index.php\/festivites\/","name":"festivit\u00e9s: vacances \u00e0 la r\u00e9union, les dates et lieu des festivit\u00e9s","isPartOf":{"@id":"https:\/\/labourbonnaise.fr\/#website"},"primaryImageOfPage":{"@id":"https:\/\/labourbonnaise.fr\/index.php\/festivites\/#primaryimage"},"image":{"@id":"https:\/\/labourbonnaise.fr\/index.php\/festivites\/#primaryimage"},"thumbnailUrl":"https:\/\/labourbonnaise.fr\/wp-content\/uploads\/2023\/02\/danseuse-sega.png","datePublished":"2015-06-03T09:49:14+00:00","dateModified":"2023-02-24T13:39:07+00:00","description":"Festivit\u00e9s,:vacances R\u00e9union, calendrier des festivit\u00e9s, visites, accueil et f\u00eate locale culturelle. les dates et les lieux.","breadcrumb":{"@id":"https:\/\/labourbonnaise.fr\/index.php\/festivites\/#breadcrumb"},"inLanguage":"fr-FR","potentialAction":[{"@type":"ReadAction","target":["https:\/\/labourbonnaise.fr\/index.php\/festivites\/"]}]},{"@type":"ImageObject","inLanguage":"fr-FR","@id":"https:\/\/labourbonnaise.fr\/index.php\/festivites\/#primaryimage","url":"https:\/\/labourbonnaise.fr\/wp-content\/uploads\/2023\/02\/danseuse-sega.png","contentUrl":"https:\/\/labourbonnaise.fr\/wp-content\/uploads\/2023\/02\/danseuse-sega.png","width":640,"height":640},{"@type":"BreadcrumbList","@id":"https:\/\/labourbonnaise.fr\/index.php\/festivites\/#breadcrumb","itemListElement":[{"@type":"ListItem","position":1,"name":"Accueil","item":"https:\/\/labourbonnaise.fr\/"},{"@type":"ListItem","position":2,"name":"Festivit\u00e9"}]},{"@type":"WebSite","@id":"https:\/\/labourbonnaise.fr\/#website","url":"https:\/\/labourbonnaise.fr\/","name":"La Bourbonnaise","description":"Location saisonni\u00e8re","potentialAction":[{"@type":"SearchAction","target":{"@type":"EntryPoint","urlTemplate":"https:\/\/labourbonnaise.fr\/?s={search_term_string}"},"query-input":{"@type":"PropertyValueSpecification","valueRequired":true,"valueName":"search_term_string"}}],"inLanguage":"fr-FR"}]}},"_links":{"self":[{"href":"https:\/\/labourbonnaise.fr\/index.php\/wp-json\/wp\/v2\/pages\/334","targetHints":{"allow":["GET"]}}],"collection":[{"href":"https:\/\/labourbonnaise.fr\/index.php\/wp-json\/wp\/v2\/pages"}],"about":[{"href":"https:\/\/labourbonnaise.fr\/index.php\/wp-json\/wp\/v2\/types\/page"}],"author":[{"embeddable":true,"href":"https:\/\/labourbonnaise.fr\/index.php\/wp-json\/wp\/v2\/users\/1"}],"replies":[{"embeddable":true,"href":"https:\/\/labourbonnaise.fr\/index.php\/wp-json\/wp\/v2\/comments?post=334"}],"version-history":[{"count":3,"href":"https:\/\/labourbonnaise.fr\/index.php\/wp-json\/wp\/v2\/pages\/334\/revisions"}],"predecessor-version":[{"id":1860,"href":"https:\/\/labourbonnaise.fr\/index.php\/wp-json\/wp\/v2\/pages\/334\/revisions\/1860"}],"wp:featuredmedia":[{"embeddable":true,"href":"https:\/\/labourbonnaise.fr\/index.php\/wp-json\/wp\/v2\/media\/1858"}],"wp:attachment":[{"href":"https:\/\/labourbonnaise.fr\/index.php\/wp-json\/wp\/v2\/media?parent=334"}],"curies":[{"name":"wp","href":"https:\/\/api.w.org\/{rel}","templated":true}]}}