{"id":317,"date":"2015-06-03T10:25:54","date_gmt":"2015-06-03T09:25:54","guid":{"rendered":"http:\/\/ethnicom-projet1.fr\/vannesg1\/stagiaire7\/?page_id=317"},"modified":"2023-03-05T16:56:12","modified_gmt":"2023-03-05T15:56:12","slug":"histoire-de-la-reunion","status":"publish","type":"page","link":"https:\/\/labourbonnaise.fr\/index.php\/localisation-location-vacances-ile-de-la-reunion-html\/location\/histoire-de-la-reunion\/","title":{"rendered":"histoire de la r\u00e9union"},"content":{"rendered":"<div class=\"wpb-content-wrapper\">[vc_row][vc_column width=\u00a0\u00bb1\/2&Prime;][vc_column_text]\n<h2 style=\"text-align: justify;\">la R\u00e9union \u00ab\u00a0<em>l&rsquo;\u00eele intense\u00a0\u00bb<\/em>.<\/h2>\n<h2 style=\"text-align: justify;\">L&rsquo; \u00eele de la R\u00e9union: son histoire&#8230;<\/h2>\n<p style=\"text-align: justify;\"><strong>1504:<\/strong><\/p>\n<p style=\"text-align: justify;\">Le premier navigateur europ\u00e9en \u00e0 avoir crois\u00e9 au large de la R\u00e9union est Di\u00e9go Fernandez Peteira<strong>.<\/strong> <strong>Il baptise alors la R\u00e9union \u00ab\u00a0Santa Apollonia\u00a0\u00bb<\/strong><\/p>\n<p style=\"text-align: justify;\"><strong>1513:<\/strong><\/p>\n<p style=\"text-align: justify;\">Pedro de Mascarenhas croise au large de l&rsquo;archipel form\u00e9 par la R\u00e9union, l&rsquo;ile Maurice et Rodrigues et lui donne son nom : <strong>Mascareignes.<\/strong><\/p>\n<p style=\"text-align: justify;\"><strong>1642:<\/strong><\/p>\n<p style=\"text-align: justify;\">Le 29 juin les fran\u00e7ais prennent une seconde fois possession des \u00eeles Mascareignes au nom du roi de France et la rebaptisent\u00a0 \u00eele Bourbon. Premier d\u00e9barquement \u00e0 Saint-Paul.<\/p>\n<p style=\"text-align: justify;\"><strong>De 1665 \u00e0 1764 : La p\u00e9riode de la compagnie des indes.<\/strong><\/p>\n<p style=\"text-align: justify;\">Pendant un si\u00e8cle, la compagnie des indes administre directement l&rsquo;ile Bourbon qui lui est conced\u00e9e par le roi de France. En 1665, l&rsquo;ile acceuille son premier gouverneur, Etienne Regnault, agent de la compagnie des indes. L&rsquo;administration cr\u00e9e les premiers quartiers, exploite les richesses (tortues, gibier&#8230;) et accorde les premi\u00e8res concessions. <strong>En 1567 nait le premier enfant connu de Bourbon, <\/strong>mais il est probable que les premi\u00e8res femmes malgaches arriv\u00e9es en 1563 avec Louis Payen aient d\u00e9j\u00e0 mis au monde des enfants. La colonisation d\u00e9finitive de l&rsquo;ile commence avec l&rsquo;arriv\u00e9e des premiers colons fran\u00e7ais accompagn\u00e9s d&rsquo;une main-d&rsquo;oeuvre malgache qui n&rsquo;est pas encore officiellement asservie. Les \u00ab\u00a0serviteurs\u00a0\u00bb sont au service des colons de la compagnie des indes.<\/p>\n<p style=\"text-align: justify;\"><strong>1665<\/strong> :<\/p>\n<p style=\"text-align: justify;\">Etienne Regnault devient chef de la premi\u00e8re v\u00e9ritable colonie. L&rsquo;\u00eele Bourbon compte 30 \u00e0 35 personnes. La colonie est bas\u00e9e au camp\u00a0 Jacques \u00e0 droitede l&#8217;embouchure de l&rsquo;Etang de Saint-Paul.<\/p>\n<p style=\"text-align: justify;\"><strong>1667 :<\/strong><\/p>\n<p style=\"text-align: justify;\">Naissance de Saint-Denis et de Ste Suzanne.<\/p>\n<p style=\"text-align: justify;\"><strong>1671<\/strong> :<\/p>\n<p style=\"text-align: justify;\">l&rsquo;\u00eele Bourbon compte 76 personnes.<\/p>\n<p style=\"text-align: justify;\"><strong>1674:<\/strong><\/p>\n<p style=\"text-align: justify;\">L&rsquo;\u00eele bourbon accueil les rescap\u00e9s du massacre de Fort Dauphin et devient alors la seule escale Fran\u00e7aise sur la route des Indes.L&rsquo;\u00eele compte alors 150 personnes. Pendant 6 ans, l&rsquo;\u00eele va tomber dans l&rsquo;oubli et la colonie va prosp\u00e9rer.<\/p>\n<p style=\"text-align: justify;\"><strong>1680<\/strong><strong> :<\/strong><\/p>\n<p style=\"text-align: justify;\">le p\u00e8re Bernardin essaye d&rsquo;int\u00e9resser Louis xiv \u00e0 l&rsquo;\u00eele bourbon.<\/p>\n<p style=\"text-align: justify;\"><strong>1686 :<\/strong><\/p>\n<p style=\"text-align: justify;\">l&rsquo;\u00eele Bourbon compte 216 personnes.<\/p>\n<p style=\"text-align: justify;\"><strong>1689<\/strong> <strong>:<\/strong><\/p>\n<p style=\"text-align: justify;\">M.Vauboulon devient le premier administrateur et l\u00e9gislateur de l&rsquo;\u00eele.<\/p>\n<p style=\"text-align: justify;\"><span style=\"text-decoration: underline;\"><strong>1700<\/strong><\/span><strong>:<\/strong><\/p>\n<p style=\"text-align: justify;\">versailles prend en consid\u00e9ration cette escale sur la route des indes. L&rsquo;\u00eele est de plus en plus fr\u00e9quent\u00e9e.<\/p>\n<p style=\"text-align: justify;\"><strong>1704:<\/strong><\/p>\n<p style=\"text-align: justify;\">L&rsquo;\u00eele compte 734 personnes.<\/p>\n<p style=\"text-align: justify;\"><strong>1708<\/strong> :<\/p>\n<p style=\"text-align: justify;\">1\u00e8re exp\u00e9dition de Moka qui ram\u00e8ne 1 500 tonnes de caf\u00e9 du Y\u00e9men \u00e0 Saint-Malo. Le 8 Avril l&rsquo;\u00eele rompt avec le pass\u00e9 et adopte le nom de l&rsquo;\u00eele de la R\u00e9union \u00e0 la suite de la r\u00e9union des r\u00e9volutionnaires qui ont chass\u00e9 le roi Bourbon du tr\u00f4ne. Le gouverneur royaliste est arr\u00eat\u00e9.<\/p>\n<p style=\"text-align: justify;\"><strong>1789 -1815:<\/strong><\/p>\n<p style=\"text-align: justify;\">Ces deux p\u00e9riodes sont des p\u00e9riodes troubles pour l&rsquo;\u00eele, qui subit les contrecoups des guerres de la r\u00e9volution et l&#8217;empire. Les tensions naissent surtout quand l&rsquo;assembl\u00e9e coloniale cr\u00e9\u00e9e par la r\u00e9volution refuse d&rsquo;abolir l&rsquo;esclavage.<\/p>\n<p style=\"text-align: justify;\"><strong>1849:<\/strong><\/p>\n<p style=\"text-align: justify;\">Abolition de l&rsquo;esclavage mais l&rsquo;\u00eele reste une colonie Fran\u00e7aise jusqu&rsquo;en 1946.<\/p>\n<p style=\"text-align: justify;\">Voici en quelques lignes un r\u00e9cit sur cette \u00eele qui apr\u00e8s\u00a0 avoir \u00e9t\u00e9 nom\u00e9e \u00ab\u00a0santa appolonia, l&rsquo;\u00eele mascareigne, l&rsquo;\u00eele bourbon, l&rsquo;\u00eele\u00a0Bonaparte est devenue Ille de la r\u00e9union \u00a0\u00bb\u00a0.<\/p>\n<p style=\"text-align: justify;\"><strong>Nous avons baptis\u00e9 notre villa \u00ab\u00a0la Bourbonnaise\u00a0\u00bb \u00a0\u00a0 suite \u00e0&#8230;\u00a0\u00bb l&rsquo;\u00eele Bourbon\u00a0\u00bb&#8230;<\/strong><\/p>\n<h3 style=\"text-align: justify;\"><\/h3>\n[\/vc_column_text][\/vc_column][vc_column width=\u00a0\u00bb1\/2&Prime;][vc_images_carousel images=\u00a0\u00bb1837,1840,1821,1723,1851,1852,1804,1853,1854,1876,1874,1875&Prime; autoplay=\u00a0\u00bbyes\u00a0\u00bb][vc_column_text][\/vc_column_text][vc_column_text]\n<h1 style=\"text-align: justify;\">A D\u00e9couvrir&#8230;<\/h1>\n<p style=\"text-align: justify;\"><a href=\"https:\/\/www.ouest-lareunion.com\/decouvrez-entre-amis-tous-reunis-sous-le-meme-toit\" target=\"_blank\" rel=\"noopener\">L\u2019\u00eele de la R\u00e9union<\/a> a cr\u00e9\u00e9 une r\u00e9serve naturelle marine sur 3500 ha et une quarantaine de kms de littoral entre le cap la Houssaye et la roche aux oiseaux (commune de Saint-Paul), les Trois Bassins, Saint-Leu, l&rsquo;\u00e9tang sal\u00e9, les Avirons.<\/p>\n<p style=\"text-align: justify;\">De Juin \u00e0 octobre, vous pourrez voir les Baleines qui viennent dans les eaux tranquilles de l\u2019\u00eele de la R\u00e9union pour donner naissance \u00e0 leurs petits baleineaux c\u00f4toient les dauphins, marsouins et tortues.<\/p>\n<p style=\"text-align: justify;\">L\u2019\u00eele de la R\u00e9union fait partie des 10 meilleurs sites de p\u00eache au gros au monde.<\/p>\n<p style=\"text-align: justify;\">Excellente pour les amateurs de planches \u00e0 voile, villes de Saint-Pierre, l&rsquo;Ermitage. (Attention ! r\u00e9glement\u00e9).<\/p>\n<p style=\"text-align: justify;\">L\u2019\u00eele de la r\u00e9union est class\u00e9e au patrimoine de l&rsquo;UNESCO depuis Ao\u00fbt 2010, ses cirques (salazie, Mafate, Cilaos), ses pitons et remparts (qui englobe 40% de l&rsquo;ile) de sa superficie.<\/p>\n<p style=\"text-align: center;\"><img loading=\"lazy\" decoding=\"async\" class=\"size-medium wp-image-1818 aligncenter\" src=\"https:\/\/labourbonnaise.fr\/wp-content\/uploads\/2023\/02\/cascades.-225x300.jpg\" alt=\"\" width=\"225\" height=\"300\" srcset=\"https:\/\/labourbonnaise.fr\/wp-content\/uploads\/2023\/02\/cascades.-225x300.jpg 225w, https:\/\/labourbonnaise.fr\/wp-content\/uploads\/2023\/02\/cascades.-768x1024.jpg 768w, https:\/\/labourbonnaise.fr\/wp-content\/uploads\/2023\/02\/cascades.-1152x1536.jpg 1152w, https:\/\/labourbonnaise.fr\/wp-content\/uploads\/2023\/02\/cascades.-1536x2048.jpg 1536w, https:\/\/labourbonnaise.fr\/wp-content\/uploads\/2023\/02\/cascades.-scaled.jpg 1920w\" sizes=\"auto, (max-width: 225px) 100vw, 225px\" \/>Son volcan, le Piton de la Fournaise tr\u00e8s actif.<\/p>\n<p style=\"text-align: center;\"><img loading=\"lazy\" decoding=\"async\" class=\"size-medium wp-image-1804 aligncenter\" src=\"https:\/\/labourbonnaise.fr\/wp-content\/uploads\/2015\/06\/volcan.-300x225.jpg\" alt=\"\" width=\"300\" height=\"225\" srcset=\"https:\/\/labourbonnaise.fr\/wp-content\/uploads\/2015\/06\/volcan.-300x225.jpg 300w, https:\/\/labourbonnaise.fr\/wp-content\/uploads\/2015\/06\/volcan.-1024x768.jpg 1024w, https:\/\/labourbonnaise.fr\/wp-content\/uploads\/2015\/06\/volcan.-768x576.jpg 768w, https:\/\/labourbonnaise.fr\/wp-content\/uploads\/2015\/06\/volcan.-1536x1152.jpg 1536w, https:\/\/labourbonnaise.fr\/wp-content\/uploads\/2015\/06\/volcan.-2048x1536.jpg 2048w\" sizes=\"auto, (max-width: 300px) 100vw, 300px\" \/>A voir&#8230;<\/p>\n<ul>\n<li>cascades, le voile de la mari\u00e9e \u00e0 Salazie,<\/li>\n<li>Ses cirques, Mafate, Salazie, Cilaos,<\/li>\n<li>Le Ma\u00efdo, (vue sur les cirques)<\/li>\n<li>La route des laves, (route qui m\u00e8ne au volcan)<\/li>\n<li>Notre Dame des laves \u00e0 Sainte-Rose,(\u00e9glise \u00e9pargn\u00e9 par une coul\u00e9e)<\/li>\n<li>Le mus\u00e9e de Vill\u00e8le (madame DE BASSINS \u00ab\u00a0esclavagistes),<\/li>\n<li>Hell-bourg pour ses cases cr\u00e9oles authentiques etc.<\/li>\n<li>Cilaos, village ancien et typique dans les hauts de l&rsquo;\u00eele.<\/li>\n<\/ul>\n<p>Sont des sites parmi tant d&rsquo;autres \u00e0 d\u00e9couvrir&#8230;<\/p>\n<p style=\"text-align: justify;\">Comme vous l&rsquo;avez entendu dans les journaux t\u00e9l\u00e9vis\u00e9s, des attaques de requins ont eu lieu ! Mais nous tenons \u00e0 vous rassurer, Les plages o\u00f9 vous pouvez vous baigner sont surveill\u00e9es et il vous suffit de respecter la baignade aux endroits autoris\u00e9s et v\u00e9rifier la couleur du drapeau (VERT), La temp\u00e9rature de l&rsquo;eau est bien sur excellente!<\/p>\n<p style=\"text-align: justify;\">L\u2019\u00eele de la R\u00e9union est une \u00eele tropicale montagneuse et volcanique d&rsquo;une superficie de 2512 kms, id\u00e9ale pour les randonn\u00e9es.<\/p>\n<p style=\"text-align: justify;\">Le Piton des Neiges est le point culminant de l&rsquo;\u00eele \u00e0 3069 m.<\/p>\n<p style=\"text-align: justify;\">Gr\u00e2ce \u00e0 ses cirques et sa v\u00e9g\u00e9tation unique, tous les amoureux de la nature seront ravis de d\u00e9couvrir cette \u00eele magnifique qui porte bien son nom \u00ab\u00a0l&rsquo;\u00eele intense\u00a0\u00bb.<\/p>\n<p><img loading=\"lazy\" decoding=\"async\" class=\"alignnone size-medium wp-image-1821 aligncenter\" src=\"https:\/\/labourbonnaise.fr\/wp-content\/uploads\/2023\/02\/anse-des-cascades-225x300.jpg\" alt=\"\" width=\"225\" height=\"300\" srcset=\"https:\/\/labourbonnaise.fr\/wp-content\/uploads\/2023\/02\/anse-des-cascades-225x300.jpg 225w, https:\/\/labourbonnaise.fr\/wp-content\/uploads\/2023\/02\/anse-des-cascades-768x1024.jpg 768w, https:\/\/labourbonnaise.fr\/wp-content\/uploads\/2023\/02\/anse-des-cascades-1152x1536.jpg 1152w, https:\/\/labourbonnaise.fr\/wp-content\/uploads\/2023\/02\/anse-des-cascades-1536x2048.jpg 1536w, https:\/\/labourbonnaise.fr\/wp-content\/uploads\/2023\/02\/anse-des-cascades-scaled.jpg 1920w\" sizes=\"auto, (max-width: 225px) 100vw, 225px\" \/>[\/vc_column_text][\/vc_column][\/vc_row][vc_row][vc_column][\/vc_column][\/vc_row]\n<\/div>","protected":false},"excerpt":{"rendered":"<p>[vc_row][vc_column width=\u00a0\u00bb1\/2&Prime;][vc_column_text] la R\u00e9union \u00ab\u00a0l&rsquo;\u00eele intense\u00a0\u00bb. L&rsquo; \u00eele de la R\u00e9union: son histoire&#8230; 1504: Le premier navigateur europ\u00e9en \u00e0 avoir crois\u00e9 au large de la R\u00e9union est Di\u00e9go Fernandez Peteira. Il baptise alors la R\u00e9union \u00ab\u00a0Santa Apollonia\u00a0\u00bb 1513: Pedro de &hellip; <a class=\"kt-excerpt-readmore\" href=\"https:\/\/labourbonnaise.fr\/index.php\/localisation-location-vacances-ile-de-la-reunion-html\/location\/histoire-de-la-reunion\/\" aria-label=\"histoire de la r\u00e9union\">Lire la suite<\/a><\/p>\n","protected":false},"author":1,"featured_media":685,"parent":307,"menu_order":0,"comment_status":"open","ping_status":"open","template":"page-fullwidth.php","meta":{"_mc_calendar":[],"footnotes":""},"class_list":["post-317","page","type-page","status-publish","has-post-thumbnail","hentry"],"yoast_head":"<!-- This site is optimized with the Yoast SEO plugin v27.4 - https:\/\/yoast.com\/product\/yoast-seo-wordpress\/ -->\n<title>Histoire de la R\u00e9union,villa la bourbonnaise, location saisonni\u00e8re<\/title>\n<meta name=\"description\" content=\"l&#039;ile de la r\u00e9union, son histoire son appellation. villa &quot;la bourbonnaise&quot;, location saisonni\u00e8re, les trois bassins, d\u00e9couvrez cette ile intense.\" \/>\n<meta name=\"robots\" content=\"index, follow, max-snippet:-1, max-image-preview:large, max-video-preview:-1\" \/>\n<link rel=\"canonical\" href=\"https:\/\/labourbonnaise.fr\/index.php\/localisation-location-vacances-ile-de-la-reunion-html\/location\/histoire-de-la-reunion\/\" \/>\n<meta property=\"og:locale\" content=\"fr_FR\" \/>\n<meta property=\"og:type\" content=\"article\" \/>\n<meta property=\"og:title\" content=\"Histoire de la R\u00e9union,villa la bourbonnaise, location saisonni\u00e8re\" \/>\n<meta property=\"og:description\" content=\"l&#039;ile de la r\u00e9union, son histoire son appellation. villa &quot;la bourbonnaise&quot;, location saisonni\u00e8re, les trois bassins, d\u00e9couvrez cette ile intense.\" \/>\n<meta property=\"og:url\" content=\"https:\/\/labourbonnaise.fr\/index.php\/localisation-location-vacances-ile-de-la-reunion-html\/location\/histoire-de-la-reunion\/\" \/>\n<meta property=\"og:site_name\" content=\"La Bourbonnaise\" \/>\n<meta property=\"article:modified_time\" content=\"2023-03-05T15:56:12+00:00\" \/>\n<meta name=\"twitter:card\" content=\"summary_large_image\" \/>\n<meta name=\"twitter:label1\" content=\"Dur\u00e9e de lecture estim\u00e9e\" \/>\n\t<meta name=\"twitter:data1\" content=\"5 minutes\" \/>\n<script type=\"application\/ld+json\" class=\"yoast-schema-graph\">{\"@context\":\"https:\\\/\\\/schema.org\",\"@graph\":[{\"@type\":\"WebPage\",\"@id\":\"https:\\\/\\\/labourbonnaise.fr\\\/index.php\\\/localisation-location-vacances-ile-de-la-reunion-html\\\/location\\\/histoire-de-la-reunion\\\/\",\"url\":\"https:\\\/\\\/labourbonnaise.fr\\\/index.php\\\/localisation-location-vacances-ile-de-la-reunion-html\\\/location\\\/histoire-de-la-reunion\\\/\",\"name\":\"Histoire de la R\u00e9union,villa la bourbonnaise, location saisonni\u00e8re\",\"isPartOf\":{\"@id\":\"https:\\\/\\\/labourbonnaise.fr\\\/#website\"},\"primaryImageOfPage\":{\"@id\":\"https:\\\/\\\/labourbonnaise.fr\\\/index.php\\\/localisation-location-vacances-ile-de-la-reunion-html\\\/location\\\/histoire-de-la-reunion\\\/#primaryimage\"},\"image\":{\"@id\":\"https:\\\/\\\/labourbonnaise.fr\\\/index.php\\\/localisation-location-vacances-ile-de-la-reunion-html\\\/location\\\/histoire-de-la-reunion\\\/#primaryimage\"},\"thumbnailUrl\":\"\",\"datePublished\":\"2015-06-03T09:25:54+00:00\",\"dateModified\":\"2023-03-05T15:56:12+00:00\",\"description\":\"l'ile de la r\u00e9union, son histoire son appellation. villa \\\"la bourbonnaise\\\", location saisonni\u00e8re, les trois bassins, d\u00e9couvrez cette ile intense.\",\"breadcrumb\":{\"@id\":\"https:\\\/\\\/labourbonnaise.fr\\\/index.php\\\/localisation-location-vacances-ile-de-la-reunion-html\\\/location\\\/histoire-de-la-reunion\\\/#breadcrumb\"},\"inLanguage\":\"fr-FR\",\"potentialAction\":[{\"@type\":\"ReadAction\",\"target\":[\"https:\\\/\\\/labourbonnaise.fr\\\/index.php\\\/localisation-location-vacances-ile-de-la-reunion-html\\\/location\\\/histoire-de-la-reunion\\\/\"]}]},{\"@type\":\"ImageObject\",\"inLanguage\":\"fr-FR\",\"@id\":\"https:\\\/\\\/labourbonnaise.fr\\\/index.php\\\/localisation-location-vacances-ile-de-la-reunion-html\\\/location\\\/histoire-de-la-reunion\\\/#primaryimage\",\"url\":\"\",\"contentUrl\":\"\"},{\"@type\":\"BreadcrumbList\",\"@id\":\"https:\\\/\\\/labourbonnaise.fr\\\/index.php\\\/localisation-location-vacances-ile-de-la-reunion-html\\\/location\\\/histoire-de-la-reunion\\\/#breadcrumb\",\"itemListElement\":[{\"@type\":\"ListItem\",\"position\":1,\"name\":\"Accueil\",\"item\":\"https:\\\/\\\/labourbonnaise.fr\\\/\"},{\"@type\":\"ListItem\",\"position\":2,\"name\":\"localisation-location-vacances-ile-de-la-reunion.html\",\"item\":\"https:\\\/\\\/labourbonnaise.fr\\\/index.php\\\/localisation-location-vacances-ile-de-la-reunion-html\\\/\"},{\"@type\":\"ListItem\",\"position\":3,\"name\":\"Bienvenue \u00e0 \u00ab\u00a0la Bourbonnaise\u00a0\u00bb Location saisonni\u00e8re, \u00eele de la r\u00e9union-accueil\",\"item\":\"https:\\\/\\\/labourbonnaise.fr\\\/\"},{\"@type\":\"ListItem\",\"position\":4,\"name\":\"histoire de la r\u00e9union\"}]},{\"@type\":\"WebSite\",\"@id\":\"https:\\\/\\\/labourbonnaise.fr\\\/#website\",\"url\":\"https:\\\/\\\/labourbonnaise.fr\\\/\",\"name\":\"La Bourbonnaise\",\"description\":\"Location saisonni\u00e8re\",\"potentialAction\":[{\"@type\":\"SearchAction\",\"target\":{\"@type\":\"EntryPoint\",\"urlTemplate\":\"https:\\\/\\\/labourbonnaise.fr\\\/?s={search_term_string}\"},\"query-input\":{\"@type\":\"PropertyValueSpecification\",\"valueRequired\":true,\"valueName\":\"search_term_string\"}}],\"inLanguage\":\"fr-FR\"}]}<\/script>\n<!-- \/ Yoast SEO plugin. -->","yoast_head_json":{"title":"Histoire de la R\u00e9union,villa la bourbonnaise, location saisonni\u00e8re","description":"l'ile de la r\u00e9union, son histoire son appellation. villa \"la bourbonnaise\", location saisonni\u00e8re, les trois bassins, d\u00e9couvrez cette ile intense.","robots":{"index":"index","follow":"follow","max-snippet":"max-snippet:-1","max-image-preview":"max-image-preview:large","max-video-preview":"max-video-preview:-1"},"canonical":"https:\/\/labourbonnaise.fr\/index.php\/localisation-location-vacances-ile-de-la-reunion-html\/location\/histoire-de-la-reunion\/","og_locale":"fr_FR","og_type":"article","og_title":"Histoire de la R\u00e9union,villa la bourbonnaise, location saisonni\u00e8re","og_description":"l'ile de la r\u00e9union, son histoire son appellation. villa \"la bourbonnaise\", location saisonni\u00e8re, les trois bassins, d\u00e9couvrez cette ile intense.","og_url":"https:\/\/labourbonnaise.fr\/index.php\/localisation-location-vacances-ile-de-la-reunion-html\/location\/histoire-de-la-reunion\/","og_site_name":"La Bourbonnaise","article_modified_time":"2023-03-05T15:56:12+00:00","twitter_card":"summary_large_image","twitter_misc":{"Dur\u00e9e de lecture estim\u00e9e":"5 minutes"},"schema":{"@context":"https:\/\/schema.org","@graph":[{"@type":"WebPage","@id":"https:\/\/labourbonnaise.fr\/index.php\/localisation-location-vacances-ile-de-la-reunion-html\/location\/histoire-de-la-reunion\/","url":"https:\/\/labourbonnaise.fr\/index.php\/localisation-location-vacances-ile-de-la-reunion-html\/location\/histoire-de-la-reunion\/","name":"Histoire de la R\u00e9union,villa la bourbonnaise, location saisonni\u00e8re","isPartOf":{"@id":"https:\/\/labourbonnaise.fr\/#website"},"primaryImageOfPage":{"@id":"https:\/\/labourbonnaise.fr\/index.php\/localisation-location-vacances-ile-de-la-reunion-html\/location\/histoire-de-la-reunion\/#primaryimage"},"image":{"@id":"https:\/\/labourbonnaise.fr\/index.php\/localisation-location-vacances-ile-de-la-reunion-html\/location\/histoire-de-la-reunion\/#primaryimage"},"thumbnailUrl":"","datePublished":"2015-06-03T09:25:54+00:00","dateModified":"2023-03-05T15:56:12+00:00","description":"l'ile de la r\u00e9union, son histoire son appellation. villa \"la bourbonnaise\", location saisonni\u00e8re, les trois bassins, d\u00e9couvrez cette ile intense.","breadcrumb":{"@id":"https:\/\/labourbonnaise.fr\/index.php\/localisation-location-vacances-ile-de-la-reunion-html\/location\/histoire-de-la-reunion\/#breadcrumb"},"inLanguage":"fr-FR","potentialAction":[{"@type":"ReadAction","target":["https:\/\/labourbonnaise.fr\/index.php\/localisation-location-vacances-ile-de-la-reunion-html\/location\/histoire-de-la-reunion\/"]}]},{"@type":"ImageObject","inLanguage":"fr-FR","@id":"https:\/\/labourbonnaise.fr\/index.php\/localisation-location-vacances-ile-de-la-reunion-html\/location\/histoire-de-la-reunion\/#primaryimage","url":"","contentUrl":""},{"@type":"BreadcrumbList","@id":"https:\/\/labourbonnaise.fr\/index.php\/localisation-location-vacances-ile-de-la-reunion-html\/location\/histoire-de-la-reunion\/#breadcrumb","itemListElement":[{"@type":"ListItem","position":1,"name":"Accueil","item":"https:\/\/labourbonnaise.fr\/"},{"@type":"ListItem","position":2,"name":"localisation-location-vacances-ile-de-la-reunion.html","item":"https:\/\/labourbonnaise.fr\/index.php\/localisation-location-vacances-ile-de-la-reunion-html\/"},{"@type":"ListItem","position":3,"name":"Bienvenue \u00e0 \u00ab\u00a0la Bourbonnaise\u00a0\u00bb Location saisonni\u00e8re, \u00eele de la r\u00e9union-accueil","item":"https:\/\/labourbonnaise.fr\/"},{"@type":"ListItem","position":4,"name":"histoire de la r\u00e9union"}]},{"@type":"WebSite","@id":"https:\/\/labourbonnaise.fr\/#website","url":"https:\/\/labourbonnaise.fr\/","name":"La Bourbonnaise","description":"Location saisonni\u00e8re","potentialAction":[{"@type":"SearchAction","target":{"@type":"EntryPoint","urlTemplate":"https:\/\/labourbonnaise.fr\/?s={search_term_string}"},"query-input":{"@type":"PropertyValueSpecification","valueRequired":true,"valueName":"search_term_string"}}],"inLanguage":"fr-FR"}]}},"_links":{"self":[{"href":"https:\/\/labourbonnaise.fr\/index.php\/wp-json\/wp\/v2\/pages\/317","targetHints":{"allow":["GET"]}}],"collection":[{"href":"https:\/\/labourbonnaise.fr\/index.php\/wp-json\/wp\/v2\/pages"}],"about":[{"href":"https:\/\/labourbonnaise.fr\/index.php\/wp-json\/wp\/v2\/types\/page"}],"author":[{"embeddable":true,"href":"https:\/\/labourbonnaise.fr\/index.php\/wp-json\/wp\/v2\/users\/1"}],"replies":[{"embeddable":true,"href":"https:\/\/labourbonnaise.fr\/index.php\/wp-json\/wp\/v2\/comments?post=317"}],"version-history":[{"count":6,"href":"https:\/\/labourbonnaise.fr\/index.php\/wp-json\/wp\/v2\/pages\/317\/revisions"}],"predecessor-version":[{"id":1878,"href":"https:\/\/labourbonnaise.fr\/index.php\/wp-json\/wp\/v2\/pages\/317\/revisions\/1878"}],"up":[{"embeddable":true,"href":"https:\/\/labourbonnaise.fr\/index.php\/wp-json\/wp\/v2\/pages\/307"}],"wp:featuredmedia":[{"embeddable":true,"href":"https:\/\/labourbonnaise.fr\/index.php\/wp-json\/"}],"wp:attachment":[{"href":"https:\/\/labourbonnaise.fr\/index.php\/wp-json\/wp\/v2\/media?parent=317"}],"curies":[{"name":"wp","href":"https:\/\/api.w.org\/{rel}","templated":true}]}}